
{"id":14,"date":"2011-12-21T13:20:37","date_gmt":"2011-12-21T13:20:37","guid":{"rendered":"http:\/\/eveilleau.net\/oms14\/?page_id=14"},"modified":"2025-08-04T07:07:21","modified_gmt":"2025-08-04T05:07:21","slug":"bien-etre-interieur","status":"publish","type":"page","link":"https:\/\/oms14.fr\/?page_id=14","title":{"rendered":"Bien \u00eatre int\u00e9rieur"},"content":{"rendered":"<p><span style=\"color: #0000ff;\"><strong>TAI CHI CHUAN \u00a0 \u00a0 \u00a0KUNGFU \u00a0 \u00a0KUNGFU SANDA \u00a0QI GONG<\/strong><\/span><\/p>\n<p><span style=\"color: #800000;\"><strong>AGAPE<\/strong><\/span><\/p>\n<div>\n<div>\n<div>Correspondant: V\u00e9ronique REGUILLON<br \/>Adresse de correspondance: 67 rue de Normandie 92400 Courbevoie<br \/>Site internet:\u00a0<a href=\"http:\/\/www.agapeqigong.fr\/\" target=\"_blank\" rel=\"noopener\" data-saferedirecturl=\"https:\/\/www.google.com\/url?q=http:\/\/www.agapeqigong.fr&amp;source=gmail&amp;ust=1725601455829000&amp;usg=AOvVaw00vMUKRCo4103OPSyGohBx\">www.agapeqigong.fr<\/a><br \/>Mail:\u00a0<a href=\"mailto:agapeqigong@gmail.com\" target=\"_blank\" rel=\"noopener\">agapeqigong@gmail.com<\/a><br \/>Lieu et horaires des cours:<br \/>&#8211; Cours de Qi Gong \u00e0 l\u2018Espace Maindron, 6 bis rue Hippolyte Maindron (m\u00e9tro Pernety) : mardi de 10h \u00e0 11h (\u00e0 partir du 5 novembre 2024), jeudi de 10h \u00e0 11h (\u00e0 partir du 26 septembre.<\/div>\n<div>&#8211; Cours sur Zoom les lundi et mercredi de 19h \u00e0 20h (\u00e0 partir du 16 septembre 2024). Nous contacter\u00a0pour obtenir le lien.<br \/>&#8211; Ateliers qi gong et \u00e9nerg\u00e9tique chinoise (pour approfondir la pratique, s&rsquo;ajuster \u00e0 la saison) : de 14h \u00e0 17h \u00e0 l&rsquo;Espace Maindron les samedi 12 octobre, 7 d\u00e9cembre 2024, 25 janvier, 22 mars et 14 juin 2025.\u00a0<\/div>\n<div>&#8211; Forfaits de\u00a010, 30, 60 cours \u00e0 utiliser \u00e0 votre convenance (jour, fr\u00e9quence) sur la saison 2024\/2025.<\/div>\n<\/div>\n<div>\n<p><span style=\"color: #800000;\"><strong>COLLECTIF FELDENKRAIS<\/strong><\/span><\/p>\n<div>\n<div><u>association dans le dispositif sport sant\u00e9<\/u><\/div>\n<div>Correspondant : Jeannette Dumeix<\/div>\n<div>\u00a0<\/div>\n<div>T\u00e9l: 06 19\u00a014\u00a050 33<\/div>\n<div>\u00a0<\/div>\n<div>Adresse: collectif feldenkrais 125 avenue Ledru Rollin 75011 PARIS<\/div>\n<div>\u00a0<\/div>\n<div>contacts \u2013 email\/\u00a0<a href=\"mailto:janette.collectif.feldenkrais@gmail.com\" target=\"_blank\" rel=\"noopener noreferrer\">janette.collectif.<wbr \/>feldenkrais@gmail.com<\/a><\/div>\n<div>site web:\u00a0<a href=\"http:\/\/collectif-feldenkrais.fr\/\" target=\"_blank\" rel=\"noopener\" data-saferedirecturl=\"https:\/\/www.google.com\/url?q=http:\/\/collectif-feldenkrais.fr\/&amp;source=gmail&amp;ust=1751347987297000&amp;usg=AOvVaw2auD22XUpuymMbWOj54Mgx\">http:\/\/collectif-<wbr \/>feldenkrais.fr<\/a><\/div>\n<div>page facebook:\u00a0<a href=\"https:\/\/www.facebook.com\/Collectif-Feldenkrais-PARIS-118847254532662\" target=\"_blank\" rel=\"noopener\" data-saferedirecturl=\"https:\/\/www.google.com\/url?q=https:\/\/www.facebook.com\/Collectif-Feldenkrais-PARIS-118847254532662&amp;source=gmail&amp;ust=1751347987297000&amp;usg=AOvVaw1wTxFJqdCN8M5ly9NWC9ng\">Collectif Feldenkrais Paris<\/a><\/div>\n<div><u>\u00a0<\/u><\/div>\n<div><u>lieux et cours de M\u00e9thode Feldenkrais<\/u><\/div>\n<div>\u00a0<b>GYMNASE GUILLEMINOT<\/b>: \u00a0 \u00a0 \u00a0 \u00a0 \u00a0LE MARDI DE 12H15 \u00c0 13H15\u00a0<\/div>\n<div>\n<div>\u00a022 rue Guilleminot P.14 \u00a0 \u00a0 \u00a0 \u00a0 \u00a0 \u00a0 \u00a0 \u00a0 \u00a0LE MARDI DE 17H25 \u00c0 18H25<\/div>\n<div>\u00a0<\/div>\n<div><b>GYMNASE HUYGHENS<\/b>: \u00a0 \u00a0 \u00a0 \u00a0 \u00a0 \u00a0 \u00a0LE MERCREDI DE 10H30 \u00c0 11H30<\/div>\n<div>10 rue Huyghens P.14<\/div>\n<div>\u00a0<\/div>\n<div><b>ESPACE NATB\u00c9<\/b>\u00a0\u00a0 \u00a0 \u00a0 \u00a0 \u00a0 \u00a0: \u00a0 \u00a0 \u00a0 \u00a0 \u00a0 \u00a0 LE MERCREDI 19H \u00c0 20H\u00a0<\/div>\n<div>10 bd Auguste Blanqui P.13. \u00a0 \u00a0 \u00a0 \u00a0 ET LE JEUDI 12H20 \u00c0 13H20<\/div>\n<div>\u00a0<\/div>\n<div><b>COURS EN LIGNE PAR ZOOM<\/b>\u00a0: LE JEUDI DE 10H30 \u00c0 11H30<\/div>\n<div>contacter J.Dumeix pour l\u2019inscription<\/div>\n<div><u>\u00a0<\/u><\/div>\n<div>EQUILIBRE<\/div>\n<div><u>Am\u00e9liorer son \u00e9quilibre: ces cours sont soit sur chaise, soit debout avec l\u2019appui de la chaise ou d\u2019un mur<\/u><\/div>\n<div>cours hebdomadaire \u00a0 \u00a0 \u00a0 \u00a0 \u00a0 \u00a0 \u00a0 \u00a0\u00a0<\/div>\n<div><b>GYMNASE GUILLEMINOT \u00a0 \u00a0 \u00a0 \u00a0 \u00a0\u00a0<\/b>\u00a0LE\u00a0MARDI 15H15 \u2013 16H30<\/div>\n<div>22 rue Guilleminot P.14\u00a0<\/div>\n<div>\u00a0 \u00a0 \u00a0 \u00a0 \u00a0 \u00a0 \u00a0 \u00a0 \u00a0 \u00a0 \u00a0 \u00a0 \u00a0 \u00a0 \u00a0 \u00a0 \u00a0 \u00a0 \u00a0 \u00a0 \u00a0 \u00a0 \u00a0 \u00a0 \u00a0 \u00a0\u00a0<\/div>\n<\/div>\n<\/div>\n<div>.<\/div>\n<div>\n<p><span style=\"color: #800000;\"><strong>FRANCE CHINE WUSHU TRADITIONNEL<\/strong><\/span><\/p>\n<div>Correspondant : ZHANG Xiaoyan<br \/>Adresse postale : 18 bd Edgar Quinet &#8211; 75014 PARIS<\/div>\n<div><b>TAICHICHUAN &#8211; QI GONG &#8211; KUNG FU<\/b>\u00a0(Adultes et Enfants)<\/div>\n<div>Informations et contacts par le site :\u00a0<b><a href=\"http:\/\/www.zhangxiaoyan.net\/\" target=\"_blank\" rel=\"noopener\" data-saferedirecturl=\"https:\/\/www.google.com\/url?q=http:\/\/www.zhangxiaoyan.net&amp;source=gmail&amp;ust=1751256099213000&amp;usg=AOvVaw2h0rPjy9pGx59WUzfV55F-\">www.zhangxiaoyan.net<\/a><\/b><\/div>\n<\/div>\n<\/div>\n<\/div>\n<div>\n<p><span style=\"color: #800000;\"><strong>KORDIANE<\/strong><\/span><\/p>\n<div>\n<p><b>Qi Gong, Tai Chi Chuan, Auto-massage<\/b><\/p>\n<p>Correspondant : Catherine VAN DYK<\/p>\n<p>Adresse : MVAC14 \u2013 Boite 118 \u2013 22 rue Deparcieux \u2013 75014 PARIS<\/p>\n<p>T\u00e9l: 07 55 60 13 10<br \/>Mail :\u00a0<a rel=\"noopener noreferrer\">asso.kordiane@gmail.com<\/a><br \/>Site :\u00a0<a href=\"http:\/\/www.kordiane.org\/\" target=\"_blank\" rel=\"noopener noreferrer\" data-saferedirecturl=\"https:\/\/www.google.com\/url?q=http:\/\/www.kordiane.org\/&amp;source=gmail&amp;ust=1624005117053000&amp;usg=AFQjCNE7hBTp2acQnpUw12D1xIKazBFMeA\">http:\/\/www.kordiane.org<\/a><\/p>\n<p>Lieu des cours : Centre sportif Guilleminot<br \/>Lundi de 18h \u00e0 19h qi gong<br \/>Lundi de 19h \u00e0 20h\u00a0 qi gong<br \/>Mardi 19h-20h15\u00a0 qi gong<br \/>mercredi 20h- 21h\u00a0<i> <\/i>\u00a0<b>auto-massage<\/b><br \/>Mardi 20h30- 22h\u00a0<b><i> \u00a0<\/i><\/b>\u00a0<b>tai chi chuan<\/b><\/p>\n<\/div>\n<div dir=\"ltr\">\n<div dir=\"ltr\">\n<div>\n<div dir=\"ltr\">\n<div>\n<div dir=\"ltr\">\n<div>\n<div dir=\"ltr\">\n<div>\n<div dir=\"ltr\">\n<div>\n<div dir=\"ltr\">\n<div>\n<div dir=\"ltr\">\n<div>\n<div>\u00a0<\/div>\n<\/div>\n<\/div>\n<\/div>\n<\/div>\n<\/div>\n<\/div>\n<\/div>\n<\/div>\n<\/div>\n<\/div>\n<\/div>\n<\/div>\n<\/div>\n<\/div>\n<\/div>\n<\/div>\n<p><span style=\"color: #800000;\"><strong>LES QUATRE PILIERS PARIS<\/strong><\/span><\/p>\n<p>Qi gong, ta\u00efchi, m\u00e9ditation corps vivant corps conscient, stretching postural, kung fu du<\/p>\n<p>Correspondant : Eric Gonzalez<br \/>Adresse : 32 rue Boussinguault 75013 Paris<\/p>\n<p>T\u00e9l: 06 88 59 04 22\u00a0<br \/>Mail :\u00a0<a>info@quatrepiliers.fr<\/a><br \/>Site :\u00a0<a href=\"http:\/\/www.quatrepiliers.fr\/\" target=\"_blank\" rel=\"noopener noreferrer\" data-saferedirecturl=\"https:\/\/www.google.com\/url?q=http:\/\/www.quatrepiliers.fr\/&amp;source=gmail&amp;ust=1751362803745000&amp;usg=AOvVaw1wutLbBTbLUJowBz6p6DKZ\">http:\/\/www.quatrepiliers.fr<\/a><\/p>\n<p>Lieu des cours : Centre Les Quatre Piliers Paris \u2013 32 rue Boussingault 75013 Paris<br \/>du lundi au samedi (30\u00a0cours par semaine)<\/p>\n<p>Ateliers th\u00e9matiques le samedi et le dimanche<br \/>Stages r\u00e9sidentiels \u2013 Formations personnelle \u2013<br \/>Formation d\u2019enseignants en Tai Chi \u2013 Qi Gong Corps Vivant Corps Conscient\u00ae<br \/>Formation pour professionnels de la sant\u00e9 et de la relation d\u2019aide : Le Chi pour se ressourcer et donner sans s\u2019\u00e9puiser.<\/p>\n<p>&nbsp;<\/p>\n<p><span style=\"color: #ba2a0d;\"><strong>MAYARI DANSE &amp; bien \u00eatre<\/strong><\/span><\/p>\n<div dir=\"auto\">Association Mayari Danse &amp; Bien-\u00eatre<\/div>\n<div dir=\"auto\">T\u00e9l: 06 99 12 13 83<\/div>\n<div dir=\"auto\"><a href=\"mailto:centremayari@gmail.com\" target=\"_blank\" rel=\"noopener\">centremayari@gmail.com<\/a><\/div>\n<div dir=\"auto\"><a href=\"http:\/\/www.centre-mayari.com\/\" target=\"_blank\" rel=\"noopener\" data-saferedirecturl=\"https:\/\/www.google.com\/url?q=http:\/\/www.centre-mayari.com\/&amp;source=gmail&amp;ust=1626704288006000&amp;usg=AFQjCNHhQXY0tobScZj7EkQsJoHdo1Vo0Q\">www.centre-mayari.com<\/a><\/div>\n<div dir=\"auto\">\u00a0<\/div>\n<div dir=\"auto\">De septembre \u00e0 juin \u00e0 l\u2019annexe 14 &#8211; 26 rue Mouton-Duvernet 75014 Paris :<\/div>\n<div dir=\"auto\">19h-20h Ladies&rsquo;Styling, Technique &amp; Attitude<\/div>\n<div dir=\"auto\">20h-21h30 Ladies&rsquo;Therapy, Mouvement &amp; L\u00e2cher prise<\/div>\n<div dir=\"auto\">\u00a0<\/div>\n<div dir=\"auto\">Nous proposons des cours 100% f\u00e9minin pour permettre aux femmes de prendre confiance en elles gr\u00e2ce \u00e0 la danse et au mouvement.<\/div>\n<div dir=\"auto\">.<\/div>\n<p><span style=\"color: #0000ff;\"><strong>TAIJI QUAN<\/strong><\/span><\/p>\n<div><strong><span style=\"color: #800080;\">TAI JI YANG RIV\u2019GAUCHE<\/span><\/strong><\/div>\n<div>\u00a0<\/div>\n<div>\u00a0<\/div>\n<div>\n<p>Contact : Catherine Heywood 07 68 10 26 35<\/p>\n<p>Site web :\u00a0<a href=\"https:\/\/taijirivegauche.fr\/\" target=\"_blank\" rel=\"nofollow noopener\" data-saferedirecturl=\"https:\/\/www.google.com\/url?q=https:\/\/taijirivegauche.fr\/&amp;source=gmail&amp;ust=1751348216066000&amp;usg=AOvVaw1g4NLuYE_tdR71Pf4CPsML\">https:\/\/taijirivegauche.fr\/<\/a><br \/>Mail :\u00a0<a href=\"mailto:taijirivgauche@yahoo.com\" target=\"_blank\" rel=\"nofollow noopener\">taijirivgauche@yahoo.com<\/a><br \/>Adresse postale : MVAC14 &#8211; Bo\u00eete 44 &#8211; 76 rue Daguerre &#8211; 75014 Paris<\/p>\n<p><b>Taiji Quan (ou Tai Chi Chuan)<\/b><\/p>\n<p>Lieux et horaires des cours :<\/p>\n<p>Lundi\u00a0: Gymnase Rosa Parks de 12h \u00e0 13h30<\/p>\n<p>Mercredi\u00a0: Jardin du Luxembourg de 12h \u00e0 13h30<\/p>\n<p>Jeudi\u00a0: Ecole \u00e9l\u00e9mentaire Antoine Chantin de 18h45 \u00e0 20h15<\/p>\n<\/div>\n<div>\u00a0<\/div>\n<div>.<\/div>\n<p><span style=\"color: #0000ff;\"><strong>YOGA<\/strong><\/span><\/p>\n<p><span style=\"color: #800000;\"><strong>ARMORIQUE<\/strong><\/span><\/p>\n<p>Correspondant : Nicole CHAMPAUD<br \/>Adresse postale : 5 rue du Moulin Vert 75014 PARIS<br \/>T\u00e9l: 01 45 40 43 90 \u00a0renseignement 01 45 43 34 18 et 06 63 14 08 64<br \/>Permanence : tous les jours, 9h- 12h et 14h- 18h 30 sur place<br \/>Lieu des cours : 5 rue du Moulin Vert 75014 PARIS<br \/>Loisirs &#8211; Cours collectifs &#8211; Adultes &#8211; 3\u00e8me \u00e2ge<\/p>\n<p>https:\/\/www.armo-sports.fr\/<\/p>\n<div><span style=\"color: #800000;\"><strong style=\"line-height: 1.714285714; font-size: 1rem;\">ATELIERS DE YOGA<\/strong><\/span><\/div>\n<div>\u00a0<\/div>\n<div>\u00a0<\/div>\n<div><span style=\"font-size: 1rem; line-height: 1.714285714;\">Correspondant: Pascal PIWNICA<\/span><\/div>\n<div><span style=\"font-size: 1rem; line-height: 1.714285714;\">T\u00e9l:\u00a001 77 16 92 54<\/span><\/div>\n<div><span style=\"font-size: 1rem; line-height: 1.714285714;\">infos@ateliersdeyoga.com<\/span><\/div>\n<div><span style=\"font-size: 1rem; line-height: 1.714285714;\">\u00a0<\/span><a href=\"http:\/\/www.ateliersdeyoga.com\">www.ateliersdeyoga.com<\/a><\/div>\n<div>Adresse de l&rsquo;association et lieu des cours : 44, rue Beaunier ; 75014 Paris<\/div>\n<div><span style=\"font-size: 1rem; line-height: 1;\">\u00a0<\/span><\/div>\n<div>\n<p>Lundi : 17:15 &#8211; 18:45\u00a0 et 19:00-20:15<\/p>\n<p>Mardi : 10:00-11:15<\/p>\n<p>Mardi : 18:30 &#8211; 19:45<\/p>\n<p>Mardi : 20:00 &#8211; 21:15<\/p>\n<p>Mercredi : 19:00 &#8211; 20:15<\/p>\n<p>Jeudi : 12:30 &#8211; 13:45<\/p>\n<p>Jeudi : 18:30 &#8211; 19:45<\/p>\n<p>Jeudi : 20:00 &#8211; 21:15<\/p>\n<p>Vendredi : 19:00 &#8211; 20:15 (cours sp\u00e9cial \u00ab\u00a0energy boost\u00a0\u00bb)<\/p>\n<p>Samedi : 09:00 &#8211; 10:15<\/p>\n<p>Samedi : 10:30 &#8211; 11:45<\/p>\n<p>Dimanche : 09:45 &#8211; 11:00<\/p>\n<p>Dimanche : 11:15 &#8211; 12:30<\/p>\n<\/div>\n<p><span style=\"font-size: 1rem; line-height: 1;\">\u00a0<\/span><br \/><span style=\"font-size: 1rem; line-height: 1;\">Tous ces cours sont pour tous niveaux.\u00a0<\/span><\/p>\n<p><strong><span style=\"color: #800080;\">EPY CENTRE<\/span> :\u00a0<\/strong><b>Etude et Pratique du Yoga<\/b><\/p>\n<div>\n<div>Renseignements et inscriptions :<\/div>\n<div>T\u00e9l: 06 75 03 85 48 Corinne Campagne<\/div>\n<div>Boite postale : chez Coline Jouvenot, Tr\u00e9sori\u00e8re d\u2019Epy Centre, 26 Rue d\u2019Alg\u00e9siras 94400 Vitry-Sur-Seine<\/div>\n<div><a>contactepycentre@gmail.com<\/a><\/div>\n<div dir=\"auto\"><i>www.<a href=\"https:\/\/epycentre.wixsite.com\/infos\" target=\"_blank\" rel=\"noopener noreferrer\" data-saferedirecturl=\"https:\/\/www.google.com\/url?q=https:\/\/epycentre.wixsite.com\/infos&amp;source=gmail&amp;ust=1719327871504000&amp;usg=AOvVaw2jiE3hVf7qdVHEZ_cep_Df\">epy-centre<\/a>\u2013<a href=\"http:\/\/yoga.com\/\" target=\"_blank\" rel=\"noopener noreferrer\" data-saferedirecturl=\"https:\/\/www.google.com\/url?q=http:\/\/yoga.com\/&amp;source=gmail&amp;ust=1719327871504000&amp;usg=AOvVaw3bXUlgDDpApXgaLsHHpxs8\">yoga.com<\/a><\/i><\/div>\n<div>Lieux des cours :<\/div>\n<div>\u00b7\u00a0\u00a0\u00a0\u00a0\u00a0\u00a0\u00a0\u00a0\u00a0<u><\/u>Mardi 18h15-19h45( 1h30)\u00a0<b>(<i>\u00a0Isabelle Koch<\/i>)\u00a0<\/b>: salle d\u2019activit\u00e9s de l\u2019EHPAD Furtado Heine au 05 Rue Jacquier 75014.<\/div>\n<p><u><\/u>\u00b7\u00a0\u00a0\u00a0\u00a0\u00a0\u00a0\u00a0\u00a0\u00a0<u><\/u>Mercredi 10h30-12h(1h30)\u00a0<b>(<i>Pierre-Yves Mansat<\/i>)\u00a0<\/b>: salle Chateaubriand, \u00e0 l\u2019Annexe de la Mairie au 26 Rue Mouton Duvernet 75014.<\/p>\n<p><u><\/u>\u00b7\u00a0\u00a0\u00a0\u00a0\u00a0\u00a0\u00a0\u00a0\u00a0<u><\/u>Vendredi\u00a009h30-11h00(1h30)\u00a0<b>(<i>Isabelle Koch<\/i>)<\/b>\u00a0:\u00a0salle Zambelli,\u00a0\u00e0 l&rsquo; Annexe de la Mairie au 26 Rue Mouton Duvernet 75014.<\/p>\n<p><u><\/u>\u00b7\u00a0\u00a0\u00a0\u00a0\u00a0\u00a0\u00a0\u00a0\u00a0<u><\/u>Samedi\u00a010h30-12h30(2h00)\u00a0<b><i>\u00a0( Pierre-Yves Mansat )<\/i><\/b>: \u00e9cole Agn\u00e8s Varda 46 rue Boulard 75014\u00a0.<\/p>\n<div>LES COURS SONT TOUS NIVEAUX<\/div>\n<div>Les cours sont maintenus pendant les vacances scolaires. Sauf pendant les vacances de No\u00ebl et d\u2019\u00e9t\u00e9<\/div>\n<div>\n<div>\u00a0<\/div>\n<div>Merci de bien vouloir noter ces modifications.\u00a0<\/div>\n<div>Bien cordialement\u00a0<\/div>\n<div>Corinne Campagne\u00a0<\/div>\n<\/div>\n<div><br clear=\"all\" \/>\n<div>\n<div class=\"gmail_signature\" dir=\"ltr\" data-smartmail=\"gmail_signature\">\n<div dir=\"ltr\">\n<div>\n<div dir=\"ltr\">\n<div>\n<div dir=\"ltr\">\n<div>\n<div dir=\"ltr\">\n<div>\n<div dir=\"ltr\">\n<div>\n<div dir=\"ltr\"><b><span style=\"font-family: times new roman, serif; font-size: small;\">Association EPY CENTRE : Centre d&rsquo;\u00c9tudes et de Pratiques du Yoga<i><br \/><\/i><\/span><\/b><\/div>\n<div dir=\"ltr\"><b><span style=\"font-family: times new roman, serif; font-size: small;\"><i>Salles de cours\u00a0 :<\/i><i>\u00a0<\/i><i>la salle d\u2019activit\u00e9s de l\u2019EHPAD Furtado Heine le mardi code 0110 \/ la\u00a0salle Chateaubriant, \u00e0 l\u2019Annexe de la Mairie\u00a0 les mercredis et vendredis \/ et la\u00a0salle Moulin des Lapins le samedi.\u00a0<\/i><\/span><\/b>\n<div><span style=\"font-family: times new roman, serif; font-size: small;\"><br \/><u>CONTACTS :\u00a0<\/u>\u00a0Corinne Campagne Pr\u00e9sidente d EPY Centre<\/span><\/div>\n<div><span style=\"font-family: times new roman, serif; font-size: small;\">Tel. : 06 75 03 85 48<\/span>\n<div><span style=\"font-family: times new roman, serif; font-size: small;\"><a href=\"mailto:contactepycentre@gmail.com\" target=\"_blank\" rel=\"noopener\">contactepycentre@gmail.com<\/a><\/span><\/div>\n<div><span style=\"font-family: times new roman, serif; font-size: small;\"><i><u><a href=\"https:\/\/epycentre.wixsite.com\/infos\" target=\"_blank\" rel=\"noopener\" data-saferedirecturl=\"https:\/\/www.google.com\/url?q=https:\/\/epycentre.wixsite.com\/infos&amp;source=gmail&amp;ust=1719327871504000&amp;usg=AOvVaw2jiE3hVf7qdVHEZ_cep_Df\">www.epy-centre-yoga.com<\/a><\/u><\/i><\/span><\/div>\n<div>\u00a0<\/div>\n<div><span style=\"font-family: times new roman, serif; font-size: small;\"><i>Inscription sur place avant les cours\u00a0<\/i><\/span><span style=\"font-family: times new roman, serif; font-size: small;\"><i>ou en ligne via notre site.<br \/><\/i><\/span><\/div>\n<div><span style=\"font-family: times new roman, serif; font-size: small;\"><i>Si inscription par voie postale : merci d&rsquo;adresser le courrier \u00e0\u00a0<\/i><\/span><\/div>\n<div><span style=\"font-family: times new roman, serif; font-size: small;\"><i>Coline Jouvenot, tr\u00e9sori\u00e8re d&rsquo;EPY CENTRE<\/i><\/span><\/div>\n<div><span style=\"font-family: times new roman, serif; font-size: small;\"><i>26 Rue d&rsquo;Alg\u00e9siras 94400 Vitry-Sur-Seine<br \/><\/i><\/span><\/div>\n<div><span style=\"font-family: times new roman, serif; font-size: small;\"><i><br \/><\/i><\/span>\n<div><span style=\"font-family: times new roman, serif; font-size: xx-small;\"><i>Association soumise \u00e0 la loi du 1er Juillet 1901 et au d\u00e9cret du 16 ao\u00fbt 1901\u00a0<\/i><\/span><\/div>\n<div><span style=\"font-size: xx-small;\"><i>RNA n\u00b0 W913008680<\/i><br \/><\/span><\/div>\n<\/div>\n<div><i><span style=\"font-size: xx-small;\">Domiciliation : 65 Avenue de la Bruy\u00e8re 91420 Morangis<\/span><\/i><\/div>\n<\/div>\n<\/div>\n<\/div>\n<\/div>\n<\/div>\n<\/div>\n<\/div>\n<\/div>\n<\/div>\n<\/div>\n<\/div>\n<\/div>\n<\/div>\n<\/div>\n<\/div>\n<\/div>\n<p><span style=\"color: #993366;\"><strong>FEMINA<\/strong><\/span><\/p>\n<p>Correspondant :\u00a0 \u00a0 St\u00e9phane JARRY<br \/>Adresse : 7-15 av Paul Appell 75014 Paris<br \/>Permanence : Lundi 18h 20h, Mardi 18h \u00e0 20h, Mercredi 15h \u00e0 17h, Vendredi 17h \u00e0 19h<br \/>T\u00e9l: 01 45 41 64 08<\/p>\n<p>Gymnase Elisabeth<\/p>\n<ul>\n<li>lundi 12h 30-13h 30<\/li>\n<li>jeudi 19h-20h<\/li>\n<\/ul>\n<div><span style=\"color: #222222; font-family: Arial; font-size: small;\">YOGA iyengar<\/span><\/div>\n<div>Jeudi 19h &#8211; 20h 30<\/div>\n<div><a target=\"_blank\" rel=\"noopener noreferrer\">feminasport@orange.fr<\/a><br \/><a href=\"http:\/\/www.femina1912.fr\/\" target=\"_blank\" rel=\"noopener noreferrer\" data-saferedirecturl=\"https:\/\/www.google.com\/url?hl=fr&amp;q=http:\/\/www.femina1912.fr&amp;source=gmail&amp;ust=1528267948972000&amp;usg=AFQjCNGYrBS4No59NL4xMX4tMKr6s_OWyg\">www.femina1912.fr<\/a><\/div>\n<div>\u00a0<\/div>\n<div>.<\/div>\n<p><span style=\"color: #800000;\"><strong>YOGAMANIA<b>\u00a0(Yoga et Pilates)<\/b><\/strong><\/span><\/p>\n<p style=\"font-weight: 400;\">Correspondant : St\u00e9phanie HUBERT, Claude Leseney<br \/>T\u00e9l: 06 87 53 03 09<br \/><a href=\"mailto:contact@yogamania.fr\">contact@yogamania.fr<\/a><\/p>\n<p style=\"font-weight: 400;\"><a href=\"http:\/\/www.yogamania.fr\/\" data-saferedirecturl=\"https:\/\/www.google.com\/url?q=http:\/\/www.yogamania.fr\/&amp;source=gmail&amp;ust=1751256099192000&amp;usg=AOvVaw0kVwfXC6hYN9cJWGeNLM3J\">www.yogamania.fr<\/a>\u00a0\u00a0 \u00a0<\/p>\n<p style=\"font-weight: 400;\">Lieux des cours :<\/p>\n<ul style=\"font-weight: 400;\">\n<li>8 rue du Commandant Mouchotte, salle Modigliani\u00a0: Pilates le mardi midi et soir et Yoga jeudi midi et soir \u2013 M\u00b0 Montparnasse \/ Gait\u00e9<\/li>\n<li>59 rue Sarrette (M\u00e9tro Porte d\u2019Orl\u00e9ans)\u00a0: Yoga lundi soir<\/li>\n<li>26 rue Mouton-Duvernet, salle Chateaubriand \u00e0 l\u2019annexe de la Mairie\u00a0: Yoga le samedi matin<\/li>\n<\/ul>\n<p><span style=\"color: #800080;\"><strong>ARMO\u2019FORME<\/strong><\/span><\/p>\n<p>Correspondant : Catherine M\u00e9n\u00e9<\/p>\n<p>Adresse postale : 5 rue du Moulin Vert 75014 Paris<\/p>\n<p>T\u00e9l : 06 63 14 08 64<\/p>\n<p>Site internet : https:\/\/www.armo-sports.fr\/<\/p>\n<p>Mail : armorforme@free.fr<\/p>\n<p>Cha\u00eene youtube : https:\/\/www.youtube.com\/c\/ArmoriqueClubMultisports<\/p>\n<p>Cours de Yoga, de Pilates et de renforcement musculaire (doux ou dynamique)<\/p>\n<p>Egalement pour les personnes ayant un cancer ou ayant eu un cancer (se battre contre le retour du cancer par le sport).<\/p>\n<p>Professeur dipl\u00f4m\u00e9e universitaire.<\/p>\n\n\n<p><\/p>\n","protected":false},"excerpt":{"rendered":"<p>TAI CHI CHUAN \u00a0 \u00a0 \u00a0KUNGFU \u00a0 \u00a0KUNGFU SANDA \u00a0QI GONG AGAPE Correspondant: V\u00e9ronique REGUILLONAdresse de correspondance: 67 rue de Normandie 92400 CourbevoieSite internet:\u00a0www.agapeqigong.frMail:\u00a0agapeqigong@gmail.comLieu et horaires des cours:&#8211; Cours de Qi Gong \u00e0 l\u2018Espace Maindron, 6 bis rue Hippolyte Maindron<\/p>\n","protected":false},"author":1,"featured_media":0,"parent":7,"menu_order":3,"comment_status":"closed","ping_status":"closed","template":"","meta":{"footnotes":""},"class_list":["post-14","page","type-page","status-publish","hentry"],"_links":{"self":[{"href":"https:\/\/oms14.fr\/index.php?rest_route=\/wp\/v2\/pages\/14","targetHints":{"allow":["GET"]}}],"collection":[{"href":"https:\/\/oms14.fr\/index.php?rest_route=\/wp\/v2\/pages"}],"about":[{"href":"https:\/\/oms14.fr\/index.php?rest_route=\/wp\/v2\/types\/page"}],"author":[{"embeddable":true,"href":"https:\/\/oms14.fr\/index.php?rest_route=\/wp\/v2\/users\/1"}],"replies":[{"embeddable":true,"href":"https:\/\/oms14.fr\/index.php?rest_route=%2Fwp%2Fv2%2Fcomments&post=14"}],"version-history":[{"count":160,"href":"https:\/\/oms14.fr\/index.php?rest_route=\/wp\/v2\/pages\/14\/revisions"}],"predecessor-version":[{"id":8288,"href":"https:\/\/oms14.fr\/index.php?rest_route=\/wp\/v2\/pages\/14\/revisions\/8288"}],"up":[{"embeddable":true,"href":"https:\/\/oms14.fr\/index.php?rest_route=\/wp\/v2\/pages\/7"}],"wp:attachment":[{"href":"https:\/\/oms14.fr\/index.php?rest_route=%2Fwp%2Fv2%2Fmedia&parent=14"}],"curies":[{"name":"wp","href":"https:\/\/api.w.org\/{rel}","templated":true}]}}