
{"id":1589,"date":"2014-12-10T21:47:31","date_gmt":"2014-12-10T21:47:31","guid":{"rendered":"http:\/\/oms14.fr\/?page_id=1589"},"modified":"2025-07-24T14:53:39","modified_gmt":"2025-07-24T12:53:39","slug":"gymnastique","status":"publish","type":"page","link":"https:\/\/oms14.fr\/?page_id=1589","title":{"rendered":"Gymnastique"},"content":{"rendered":"<p><span style=\"color: #0000ff;\"><b>\u00a0<\/b><\/span><\/p>\n<p><span style=\"color: #0000ff;\"><strong>BABY GYM<\/strong><\/span><\/p>\n<p><span style=\"color: #800080;\"><strong>EN AVANT DE PARIS<\/strong><\/span><\/p>\n<p>Correspondant : Pascal MARTIN<br \/>\nAdresse : Gymnase Huyghens, 10, rue Huyghens (75014) Paris<br \/>\nPermanence : Gymnase Huyghens &#8211; du lundi au vendredi 14h \u00e0 19h.<br \/>\nT\u00e9l: 07 66 14 34 80<br \/>\nAdresse mel : eap.cotiz@gmail.com<br \/>\nwww.enavantparis.fr<br \/>\nFb : enavantdeparisgymnastique<br \/>\nLieu des cours : Gymnase Huyghens- 10, rue Huyghens (75014) Paris<\/p>\n<p>Baby gym<\/p>\n<p><span style=\"color: #800080;\"><b>GASSENDIANA<\/b><\/span><\/p>\n<p>Eveil gymnique<\/p>\n<p>Correspondant : \u00c9lisabeth MORISET<br \/>\nTel 06 89 12 36 11<\/p>\n<p>contact@gassendiana.fr<br \/>\n<a href=\"http:\/\/www.gassendiana.fr\/\">http:\/\/www.gassendiana.fr\/<\/a><br \/>\nLieu des cours :gymnase Elisabeth<\/p>\n<p>Mardi soir<\/p>\n<p><span style=\"color: #0000ff;\"><strong>GYMNASTIQUE RYTHMIQUE<\/strong><\/span><\/p>\n<p><strong><span style=\"color: #800080;\">AS ACTION JEUNESSE<\/span> \u00a0 \u00a0 GRS<\/strong><\/p>\n<p>Correspondant : Gilbert DECROIX<br \/>\nAdresse postale : 74 \u00a0rue Clisson 75013 \u00a0PARIS<br \/>\nTel : 01 45 84 29 65 \u00a006 03 06 40 51<br \/>\nLieu des cours : \u00a0gymnase Guilleminot<br \/>\nMercredi 10h &#8211; 12h<br \/>\n<a href=\"mailto:asactionjeunesse@gmail.com\" target=\"_blank\" rel=\"noopener\">asactionjeunesse@gmail.com<\/a><\/p>\n<p><span style=\"color: #800080;\"><strong>EN AVANT DE PARIS<\/strong><\/span><\/p>\n<p>Correspondant : Pascal MARTIN<br \/>\nAdresse : Gymnase Huyghens, 10, rue Huyghens (75014) Paris<br \/>\nPermanence : Gymnase Huyghens &#8211; du lundi au vendredi 14h \u00e0 19h.<br \/>\nT\u00e9l: 07 66 14 34 80<br \/>\nAdresse mel : eap.cotiz@gmail.com<br \/>\nwww.enavantparis.fr<br \/>\nFb : enavantdeparisgymnastique<br \/>\nLieu des cours : Gymnase Huyghens- 10, rue Huyghens (75014) Paris<\/p>\n<p>Gymnastique Rythmique<\/p>\n<p>\u2022 Association affili\u00e9 \u00e0 la F\u00e9d\u00e9ration Fran\u00e7aise de Gymnastique<br \/>\n\u2022 Cours pour tous les \u00e2ges et niveaux (de 2 ans aux seniors)<br \/>\n\u2022 Groupes comp\u00e9titifs haut niveau \/ Groupes d\u00e9couverte<br \/>\n\u2022 Cours nocturnes de 22h \u00e0 minuit<\/p>\n<p><span style=\"color: #800080;\"><b>PARIS RYTHMIQUE<\/b><\/span><\/p>\n<p>Correspondant : Emilie KOENIG CLEMENCEAU<br \/>\nAdresse postale : 1 chemin de Chauffour 91160 Saulx-les-Chartreux<br \/>\nT\u00e9l : 06 62 41 58 26<br \/>\nSite internet:\u00a0<a href=\"http:\/\/www.parisrythmique.com\/\" target=\"_blank\" rel=\"noopener noreferrer\" data-saferedirecturl=\"https:\/\/www.google.com\/url?q=http:\/\/www.parisrythmique.com\/&amp;source=gmail&amp;ust=1624685895925000&amp;usg=AFQjCNEvUYbBAfTtu4LdvKgL1E47nKwrjQ\">www.parisrythmique.<wbr \/>com<\/a><br \/>\nMail:\u00a0<a href=\"mailto:contact@parisrythmique.com\" target=\"_blank\" rel=\"noopener\">contact@parisrythmique.<wbr \/>com<\/a><br \/>\nLieux des activit\u00e9s : gymnase Rosa Parks, rue du Moulin des Lapins<br \/>\nmardi 17h \u2013 19h<br \/>\nmercredi 12h &#8211; 14h<br \/>\njeudi 17h \u2013 20h<br \/>\nvendredi 17h \u2013 20h30<br \/>\nsamedi 10h \u2013 17h<\/p>\n<p>.<br \/>\n<span style=\"color: #0000ff;\"><strong>GYMNASTIQUE SPORTIVE<\/strong><\/span><\/p>\n<p><span style=\"color: #800080;\"><strong>ARMORIQUE<\/strong><\/span><\/p>\n<p>Correspondant : M\u00e9n\u00e9 Catherine<br \/>\nAdresse postale : 5 rue du moulin vert 75014 PARIS<br \/>\nT\u00e9l : 01 43 22 88 95 \u00a0 \u00a006 63 14 08 64<br \/>\nAdresse mail :armoriquesports@free.fr<br \/>\nSite internet : https:\/\/www.armo-sports.fr\/<br \/>\nLieux des activit\u00e9s : 5 rue du moulin vert &#8211; Gymnase Huyghens, Gymnase Alice Millat<br \/>\nSuivant les \u00e2ges et les niveaux<br \/>\nMardi mercredi jeudi vendredi samedi Catherine MENE\u00a0 06 63 14 08 64<br \/>\n+ mardi vendredi 15h 15 (p\u00e9ri scolaire)<\/p>\n<p><span style=\"color: #800080;\"><strong>EN AVANT DE PARIS<\/strong><\/span><\/p>\n<p>Correspondant : Pascal MARTIN<br \/>\nAdresse : Gymnase Huyghens, 10, rue Huyghens (75014) Paris<br \/>\nPermanence : Gymnase Huyghens &#8211; du lundi au vendredi 14h \u00e0 19h.<br \/>\nT\u00e9l: 07 66 14 34 80<br \/>\nAdresse mel : eap.cotiz@gmail.com<br \/>\nwww.enavantparis.fr<br \/>\nFb : enavantdeparisgymnastique<br \/>\nLieu des cours : Gymnase Huyghens- 10, rue Huyghens (75014) Paris<br \/>\nGymnastique Artistique F\u00e9minine<br \/>\nGymnastique Artistique Masculine<\/p>\n<p>Free Style Gym (Tricks, Parkour)<br \/>\nTrampoline<br \/>\nCours nocturnes (Gymnastique Artistique + Free Style Gym + Fitness)<\/p>\n<p>\u2022 Association affili\u00e9 \u00e0 la F\u00e9d\u00e9ration Fran\u00e7aise de Gymnastique<br \/>\n\u2022 Cours pour tous les \u00e2ges et niveaux (de 2 ans aux seniors)<br \/>\n\u2022 Groupes comp\u00e9titifs haut niveau \/ Groupes d\u00e9couverte<br \/>\n\u2022 Cours nocturnes de 22h \u00e0 minuit<\/p>\n<p><span style=\"color: #800080;\"><strong>GASSENDIANA<\/strong><\/span><\/p>\n<p>Correspondant : \u00c9lisabeth MORISET<br \/>\nT\u00e9l : 06 89 12 36 11<br \/>\n<a href=\"http:\/\/www.gassendiana.fr\/\">http:\/\/www.gassendiana.fr\/<\/a><\/p>\n<p>contact@gassendiana.fr<br \/>\nLieu des cours :gymnase Elisabeth<br \/>\nGymnastique artistique f\u00e9minine<br \/>\nLundi au vendredi 17h30 \u2013 20h 30<\/p>\n<p><span style=\"color: #0000ff;\"><strong>GYMNASTIQUE D&rsquo;ENTRETIEN<\/strong><\/span><\/p>\n<p><span style=\"color: #800080;\"><strong>ARMORIQUE<\/strong><\/span><br \/>\nCorrespondant : Catherine M\u00e9n\u00e9<br \/>\nAdresse postale : 5 rue du Moulin Vert 75014 PARIS<br \/>\nT\u00e9l: 06 63 14 08 64<br \/>\narmoriquesport@free.fr<\/p>\n<p>https:\/\/www.armo-sports.fr\/<br \/>\nLieu des cours :5 rue du Moulin Vert 75014 PARIS<br \/>\nLoisirs &#8211; Cours collectifs &#8211; Adultes &#8211; 3\u00e8me \u00e2ge<\/p>\n<p><span style=\"color: #800080;\"><strong>ARMO&rsquo;FORME<\/strong><\/span><\/p>\n<div>Correspondant\u00a0: Catherine M\u00e9n\u00e9<\/div>\n<div><\/div>\n<div>Adresse postale\u00a0: 5 rue du Moulin Vert 75014 Paris<\/div>\n<div>T\u00e9l\u00a0: 06 63 14 08 64<\/div>\n<div>Site internet\u00a0: https:\/\/www.armo-sports.fr\/<\/div>\n<div>Mail\u00a0: armorforme@free.fr<\/div>\n<div>Cha\u00eene youtube\u00a0: https:\/\/www.youtube.com\/c\/ArmoriqueClubMultisports<\/div>\n<div><\/div>\n<div>avec ou sans musique, tous les jours des cours d\u2019intensit\u00e9s variables en fonction des cours et adapt\u00e9s pour tous les \u00e2ges\u2026 de la gymnastique dynamique, \u00e0 la gymnastique douce.<\/div>\n<div>Selon les horaires les cours sont adapt\u00e9s pour les voyants et non-voyants,<br \/>\net pour les personnes ayant un cancer ou ayant eu un cancer (se battre contre le retour du cancer par le sport).<\/div>\n<div>Professeur dipl\u00f4m\u00e9e universitaire.<\/div>\n<div>.<\/div>\n<p><span style=\"color: #800080;\"><strong>EN AVANT DE PARIS<\/strong><\/span><\/p>\n<p>Correspondant : Pascal MARTIN<br \/>\nAdresse : Gymnase Huyghens, 10, rue Huyghens (75014) Paris<br \/>\nPermanence : Gymnase Huyghens &#8211; du lundi au vendredi 14h \u00e0 19h.<br \/>\nT\u00e9l: 07 66 14 34 80<br \/>\nAdresse mel : eap.cotiz@gmail.com<br \/>\nwww.enavantparis.fr<br \/>\nFb : enavantdeparisgymnastique<br \/>\nLieu des cours : Gymnase Huyghens- 10, rue Huyghens (75014) Paris<\/p>\n<p>Gym Sant\u00e9<br \/>\nFree Style Gym (Tricks, Parkour)<br \/>\nTrampoline<br \/>\nCours nocturnes (Gymnastique Artistique + Free Style Gym + Fitness)<\/p>\n<p>\u2022 Association affili\u00e9 \u00e0 la F\u00e9d\u00e9ration Fran\u00e7aise de Gymnastique<br \/>\n\u2022 Cours pour tous les \u00e2ges et niveaux (de 2 ans aux seniors)<br \/>\n\u2022 Groupes comp\u00e9titifs haut niveau \/ Groupes d\u00e9couverte<br \/>\n\u2022 Cours nocturnes de 22h \u00e0 minuit<\/p>\n<p><span style=\"color: #800080;\"><strong>FEMINA SPORT<\/strong><\/span><\/p>\n<p>Correspondant :\u00a0Philippe PEZET\u00a0 St\u00e9phane JARRY<br \/>\nAdresse : 7-15 av Paul Appel 75014 PARIS<br \/>\nPermanence : \u00a0Consulter les horaires des permanences sur le web site<br \/>\nT\u00e9l : 01 45 41 64 08<br \/>\nLieu des cours : stade Elisabeth<\/p>\n<p>mardi 18h 30- 19h 30<br \/>\nvendredi 19h -20h<\/p>\n<div><a target=\"_blank\" rel=\"noopener noreferrer\">feminasport@orange.fr<\/a><\/div>\n<div><a href=\"http:\/\/www.femina1912.fr\/\" target=\"_blank\" rel=\"noopener noreferrer\" data-saferedirecturl=\"https:\/\/www.google.com\/url?hl=fr&amp;q=http:\/\/www.femina1912.fr&amp;source=gmail&amp;ust=1528267948972000&amp;usg=AFQjCNGYrBS4No59NL4xMX4tMKr6s_OWyg\">femina1912.fr<\/a><\/div>\n<div><\/div>\n<div>.<\/div>\n<p><span style=\"color: #800080;\"><strong>GASSENDIANA\u00a0<\/strong><\/span><\/p>\n<p>Correspondant : \u00c9lisabeth MORISET<br \/>\nT\u00e9l : 06 89 12 36 11<\/p>\n<p>contact@gassendiana.fr<br \/>\n<a href=\"http:\/\/www.gassendiana.fr\/\">http:\/\/www.gassendiana.fr\/<\/a><br \/>\nLieu des cours :gymnase Elisabeth<br \/>\nMardi 19h30 \u2013 20h30<br \/>\nVendredi 19h \u2013 20h<br \/>\nEveil gymnastique pour les 4 \u00e0 7 ans<br \/>\nMardi \u00a017h30 \u2013 18h30<\/p>\n<h5><span style=\"color: #993366;\"><strong><b>Gymnastique Volontaire <\/b>LES COLONNES PARIS 14<\/strong><\/span><\/h5>\n<div><span style=\"font-size: large;\">Association membre de la F\u00e9d\u00e9ration fran\u00e7aise d\u2019\u00e9ducation physique et de gymnastique volontaire (FFEPGV), reconnue d&rsquo;utilit\u00e9 publique.\u00a0<\/span><span style=\"color: #0000ff;\">Cours de gymnastique pour seniors<\/span>\u00a0(exercices debout puis au sol : respiration, cardio, \u00e9quilibre, articulations, musculation douce).<\/div>\n<div><span style=\"font-size: large;\"><b>Lieux des activit\u00e9s :\u00a0<\/b><br \/>\n\u2013 Gymnase, 22 rue Guilleminot : lundi, 9h15- 10h15 ou 10h15-11h15 (au choix). Reprise des cours le 08\/09\/2025<br \/>\n\u2013 Annexe de la Mairie du 14e, 26 rue Mouton-Duvernet : jeudi, 9h-10h. Reprise des cours, le 11\/09\/2025.<br \/>\n<\/span><\/p>\n<div><span style=\"font-size: large;\"><b>Tarif 2025-2025\u00a0<\/b>: 143\u20ac<\/span>, pour 1 cours hebdomadaire toute la saison(licence sportive comprise) ; 254\u20ac, pour 2 cours hebdomadaires (licence sportive comprise).\u00a0Tarif<b>\u00a0<\/b>d\u00e9gressif pour les personnes arrivant en cours de saison. Cours d&rsquo;essai gratuit.<\/div>\n<div><span style=\"color: #000000; font-size: large;\"><b>Correspondan<\/b>t :\u00a0 Chantal Paisant, Pr\u00e9sidente\u00a0<\/span><\/div>\n<div><span style=\"color: #000000; font-size: large;\">T\u00e9l. 01 43 22 83 27 &#8211;\u00a0<\/span>Mail :\u00a0<a href=\"mailto:chantal.paisant@gmail.com\" target=\"_blank\" rel=\"noopener\">chantal.paisant@gmail.com<\/a><\/div>\n<\/div>\n<p><span style=\"color: #800080;\"><b>\u00a0<\/b><\/span><\/p>\n<div><span style=\"color: #800080;\"><strong>DO JEUNE<\/strong><\/span><\/div>\n<div><\/div>\n<div>Correspondant : J N PALERME<\/div>\n<div>Adresse :\u00a0\u00a013 bis avenue jean jaures 92220 bagneux<\/div>\n<div>T\u00e9l : 06 14 21 40 18<\/div>\n<div>dojeunes@hotmail.fr<\/div>\n<div><\/div>\n<div><b>Eveil 3\/6 an<\/b>\u00a0. Roza park<\/div>\n<div>Lundi : 17h\/18h<\/div>\n<div>Mardi : 16h45\/17h30<\/div>\n<div><\/div>\n<div><b>Eveil 3\/6 an<\/b>\u00a0.Alice Millat<\/div>\n<div>Jeudi : 17h15\/ 18h15<br \/>\nSamedi : 12h\/ 13h<\/div>\n<div><\/div>\n<div><b>Multisport 6\/9 an<\/b>: Roza Park<\/div>\n<div>Mardi :17h30\/18h30<br \/>\nJeudi: 17h30\/18h30<\/div>\n<div><\/div>\n<div><b>Multisport<\/b>\u00a0<b>6\/9 an<\/b>\u00a0Alice Millat<\/div>\n<div>Jeudi : 17h15\/ 18h15<br \/>\nSamedi :12h\/13h<\/div>\n<div><\/div>\n<div><b>Gym entretien adulte<\/b>\u00a0:\u00a0 Alice Millat<br \/>\nLundi, jeudi,vendredi : 12h:13h<\/div>\n<div>.<\/div>\n<div><\/div>\n<p><strong><span style=\"color: #800080;\">AS ACTION JEUNESSE<\/span> \u00a0 \u00a0Eveil corporel<\/strong><\/p>\n<p>Correspondant : Gilbert DECROIX<br \/>\nAdresse postale : 74 \u00a0rue Clisson 75013 \u00a0PARIS<br \/>\nT\u00e9l : 01 45 84 29 65 \u00a006 03 06 40 51<br \/>\nLieu des cours : \u00a0gymnase Guilleminot<br \/>\nEveil corporel \u00a0lundi \u00a017h- 18h<br \/>\n<a href=\"mailto:asactionjeunesse@gmail.com\" target=\"_blank\" rel=\"noopener\">asactionjeunesse@gmail.com<\/a><\/p>\n<p><span style=\"color: #800080;\"><b>\u00a0<\/b><\/span><\/p>\n<p><span style=\"color: #0000ff;\"><b>\u00a0<\/b><\/span><\/p>\n","protected":false},"excerpt":{"rendered":"<p>\u00a0 BABY GYM EN AVANT DE PARIS Correspondant : Pascal MARTIN Adresse : Gymnase Huyghens, 10, rue Huyghens (75014) Paris Permanence : Gymnase Huyghens &#8211; du lundi au vendredi 14h \u00e0 19h. T\u00e9l: 07 66 14 34 80 Adresse mel<\/p>\n","protected":false},"author":4,"featured_media":0,"parent":7,"menu_order":5,"comment_status":"closed","ping_status":"closed","template":"","meta":{"footnotes":""},"class_list":["post-1589","page","type-page","status-publish","hentry"],"_links":{"self":[{"href":"https:\/\/oms14.fr\/index.php?rest_route=\/wp\/v2\/pages\/1589","targetHints":{"allow":["GET"]}}],"collection":[{"href":"https:\/\/oms14.fr\/index.php?rest_route=\/wp\/v2\/pages"}],"about":[{"href":"https:\/\/oms14.fr\/index.php?rest_route=\/wp\/v2\/types\/page"}],"author":[{"embeddable":true,"href":"https:\/\/oms14.fr\/index.php?rest_route=\/wp\/v2\/users\/4"}],"replies":[{"embeddable":true,"href":"https:\/\/oms14.fr\/index.php?rest_route=%2Fwp%2Fv2%2Fcomments&post=1589"}],"version-history":[{"count":65,"href":"https:\/\/oms14.fr\/index.php?rest_route=\/wp\/v2\/pages\/1589\/revisions"}],"predecessor-version":[{"id":8277,"href":"https:\/\/oms14.fr\/index.php?rest_route=\/wp\/v2\/pages\/1589\/revisions\/8277"}],"up":[{"embeddable":true,"href":"https:\/\/oms14.fr\/index.php?rest_route=\/wp\/v2\/pages\/7"}],"wp:attachment":[{"href":"https:\/\/oms14.fr\/index.php?rest_route=%2Fwp%2Fv2%2Fmedia&parent=1589"}],"curies":[{"name":"wp","href":"https:\/\/api.w.org\/{rel}","templated":true}]}}