
{"id":1826,"date":"2015-12-09T13:42:15","date_gmt":"2015-12-09T13:42:15","guid":{"rendered":"http:\/\/oms14.fr\/?page_id=1826"},"modified":"2017-06-15T22:22:28","modified_gmt":"2017-06-15T22:22:28","slug":"les-clubs-communiquent","status":"publish","type":"page","link":"https:\/\/oms14.fr\/?page_id=1826","title":{"rendered":"Nos clubs en vid\u00e9os"},"content":{"rendered":"<p><strong>D\u00e9couvrez, dans notre nouvel espace \u00ab\u00a0Nos clubs en vid\u00e9os\u00a0\u00bb, des vid\u00e9os de pr\u00e9sentation de nos clubs.<\/strong><\/p>\n<p>Les vid\u00e9os sont class\u00e9es par sports, d\u00e9couvrez d\u00e8s aujourd&rsquo;hui :<\/p>\n<ul>\n<li><a title=\"Arts Martiaux\" href=\"https:\/\/oms14.fr\/?page_id=2223\">Des Arts Martiaux<\/a><\/li>\n<li><a title=\"Athl\u00e9tisme\" href=\"https:\/\/oms14.fr\/?page_id=1895\">De l&rsquo;athl\u00e9tisme<\/a><\/li>\n<li><a title=\"Bien \u00eatre\" href=\"https:\/\/oms14.fr\/?page_id=2056\">Du Bien \u00eatre<\/a><\/li>\n<li><a title=\"Cirque\" href=\"https:\/\/oms14.fr\/?page_id=2472\">Du cirque<\/a><\/li>\n<li><a title=\"Cyclisme\" href=\"https:\/\/oms14.fr\/?page_id=3290\">Du cyclisme<\/a><\/li>\n<li><a title=\"Danse\" href=\"https:\/\/oms14.fr\/?page_id=2169\">De la danse<\/a><\/li>\n<li><a title=\"Escrime\" href=\"https:\/\/oms14.fr\/?page_id=1859\">De l&rsquo;escrime<\/a><\/li>\n<li><a title=\"Gymnastique\" href=\"https:\/\/oms14.fr\/?page_id=1992\">De la gymnastique<\/a><\/li>\n<li><a title=\"Natation\" href=\"https:\/\/oms14.fr\/?page_id=2268\">De la natation<\/a><\/li>\n<li><a title=\"P\u00e9tanques \/ Boules\" href=\"https:\/\/oms14.fr\/?page_id=2003\">De la p\u00e9tanque \/ des boules<\/a><\/li>\n<li><a title=\"Raquettes\" href=\"https:\/\/oms14.fr\/?page_id=3281\">Des sports de raquettes<\/a><\/li>\n<li><a title=\"Skate\" href=\"https:\/\/oms14.fr\/?page_id=3194\">Du skate<\/a><\/li>\n<li><a title=\"Sports collectifs\" href=\"https:\/\/oms14.fr\/?page_id=2243\">Des sports collectifs<\/a><\/li>\n<li><a title=\"Sports de combat\" href=\"https:\/\/oms14.fr\/?page_id=1898\">Des sports de combat<\/a><\/li>\n<\/ul>\n","protected":false},"excerpt":{"rendered":"<p>D\u00e9couvrez, dans notre nouvel espace \u00ab\u00a0Nos clubs en vid\u00e9os\u00a0\u00bb, des vid\u00e9os de pr\u00e9sentation de nos clubs. Les vid\u00e9os sont class\u00e9es par sports, d\u00e9couvrez d\u00e8s aujourd&rsquo;hui : Des Arts Martiaux De l&rsquo;athl\u00e9tisme Du Bien \u00eatre Du cirque Du cyclisme De la<\/p>\n","protected":false},"author":1,"featured_media":0,"parent":0,"menu_order":5,"comment_status":"closed","ping_status":"closed","template":"","meta":{"footnotes":""},"class_list":["post-1826","page","type-page","status-publish","hentry"],"_links":{"self":[{"href":"https:\/\/oms14.fr\/index.php?rest_route=\/wp\/v2\/pages\/1826","targetHints":{"allow":["GET"]}}],"collection":[{"href":"https:\/\/oms14.fr\/index.php?rest_route=\/wp\/v2\/pages"}],"about":[{"href":"https:\/\/oms14.fr\/index.php?rest_route=\/wp\/v2\/types\/page"}],"author":[{"embeddable":true,"href":"https:\/\/oms14.fr\/index.php?rest_route=\/wp\/v2\/users\/1"}],"replies":[{"embeddable":true,"href":"https:\/\/oms14.fr\/index.php?rest_route=%2Fwp%2Fv2%2Fcomments&post=1826"}],"version-history":[{"count":27,"href":"https:\/\/oms14.fr\/index.php?rest_route=\/wp\/v2\/pages\/1826\/revisions"}],"predecessor-version":[{"id":3292,"href":"https:\/\/oms14.fr\/index.php?rest_route=\/wp\/v2\/pages\/1826\/revisions\/3292"}],"wp:attachment":[{"href":"https:\/\/oms14.fr\/index.php?rest_route=%2Fwp%2Fv2%2Fmedia&parent=1826"}],"curies":[{"name":"wp","href":"https:\/\/api.w.org\/{rel}","templated":true}]}}