
{"id":2268,"date":"2015-12-03T15:57:11","date_gmt":"2015-12-03T14:57:11","guid":{"rendered":"http:\/\/oms14.fr\/?page_id=2268"},"modified":"2021-07-05T12:47:57","modified_gmt":"2021-07-05T10:47:57","slug":"natation","status":"publish","type":"page","link":"https:\/\/oms14.fr\/?page_id=2268","title":{"rendered":"Natation et voile"},"content":{"rendered":"<p>Club Archim\u00e8de :<br><iframe loading=\"lazy\" width=\"560\" height=\"315\" src=\"https:\/\/www.youtube.com\/embed\/LXHhYZONxs0\" frameborder=\"0\" allowfullscreen=\"allowfullscreen\"><\/iframe><br>Plus de vid\u00e9os du club Archim\u00e8de sur leur cha\u00eene Youtube : <strong><a href=\"https:\/\/www.youtube.com\/channel\/UC1e_W1-n4J1wxviVzaoqc_A\" target=\"_blank\" rel=\"noopener noreferrer\">https:\/\/www.youtube.com\/channel\/UC1e_W1-n4J1wxviVzaoqc_A<\/a><\/strong><\/p>\n\n\n<p><\/p>\n\n\n\n<figure class=\"wp-block-embed is-type-video is-provider-youtube wp-block-embed-youtube wp-embed-aspect-16-9 wp-has-aspect-ratio\"><div class=\"wp-block-embed__wrapper\">\n<iframe loading=\"lazy\" title=\"Video Fev 2016 hippocampes\" width=\"750\" height=\"422\" src=\"https:\/\/www.youtube.com\/embed\/YuC7X_w4LAA?feature=oembed\" frameborder=\"0\" allow=\"accelerometer; autoplay; clipboard-write; encrypted-media; gyroscope; picture-in-picture\" allowfullscreen><\/iframe>\n<\/div><figcaption><strong>Club les hippocampes de Paris<\/strong><\/figcaption><\/figure>\n\n\n\n<p><strong><em>VOILE<\/em>     GCAL<\/strong><\/p>\n\n\n\n<p><a href=\"https:\/\/www.youtube.com\/channel\/UCNcxVCr1Dba0K3SWCVRoLkA\">https:\/\/www.youtube.com\/channel\/UCNcxVCr1Dba0K3SWCVRoLkA<\/a>  <\/p>\n","protected":false},"excerpt":{"rendered":"<p>Club Archim\u00e8de :Plus de vid\u00e9os du club Archim\u00e8de sur leur cha\u00eene Youtube : https:\/\/www.youtube.com\/channel\/UC1e_W1-n4J1wxviVzaoqc_A VOILE GCAL https:\/\/www.youtube.com\/channel\/UCNcxVCr1Dba0K3SWCVRoLkA<\/p>\n","protected":false},"author":1,"featured_media":0,"parent":1826,"menu_order":0,"comment_status":"closed","ping_status":"closed","template":"","meta":{"footnotes":""},"class_list":["post-2268","page","type-page","status-publish","hentry"],"_links":{"self":[{"href":"https:\/\/oms14.fr\/index.php?rest_route=\/wp\/v2\/pages\/2268","targetHints":{"allow":["GET"]}}],"collection":[{"href":"https:\/\/oms14.fr\/index.php?rest_route=\/wp\/v2\/pages"}],"about":[{"href":"https:\/\/oms14.fr\/index.php?rest_route=\/wp\/v2\/types\/page"}],"author":[{"embeddable":true,"href":"https:\/\/oms14.fr\/index.php?rest_route=\/wp\/v2\/users\/1"}],"replies":[{"embeddable":true,"href":"https:\/\/oms14.fr\/index.php?rest_route=%2Fwp%2Fv2%2Fcomments&post=2268"}],"version-history":[{"count":11,"href":"https:\/\/oms14.fr\/index.php?rest_route=\/wp\/v2\/pages\/2268\/revisions"}],"predecessor-version":[{"id":7124,"href":"https:\/\/oms14.fr\/index.php?rest_route=\/wp\/v2\/pages\/2268\/revisions\/7124"}],"up":[{"embeddable":true,"href":"https:\/\/oms14.fr\/index.php?rest_route=\/wp\/v2\/pages\/1826"}],"wp:attachment":[{"href":"https:\/\/oms14.fr\/index.php?rest_route=%2Fwp%2Fv2%2Fmedia&parent=2268"}],"curies":[{"name":"wp","href":"https:\/\/api.w.org\/{rel}","templated":true}]}}