
{"id":26,"date":"2011-12-21T13:34:21","date_gmt":"2011-12-21T13:34:21","guid":{"rendered":"http:\/\/eveilleau.net\/oms14\/?page_id=26"},"modified":"2025-07-24T14:55:57","modified_gmt":"2025-07-24T12:55:57","slug":"en-piscine-et-sur-la-mer","status":"publish","type":"page","link":"https:\/\/oms14.fr\/?page_id=26","title":{"rendered":"En piscine et sur la mer"},"content":{"rendered":"<p><span style=\"color: #0000ff;\"><strong>AQUAGYM ET NATATION<\/strong><\/span><\/p>\n<div><\/div>\n<p><span style=\"color: #800080;\"><strong>ARCHIM\u00c8DE<\/strong><\/span><\/p>\n<div>\n<p style=\"font-weight: 400;\"><strong>Contact\u00a0: Timea Toth<\/strong><\/p>\n<p style=\"font-weight: 400;\">Portable\u00a0: 06 20 78 71 27<\/p>\n<p style=\"font-weight: 400;\">e-mail\u00a0:\u00a0<a href=\"mailto:info@archimede.asso.fr\">info@archimede.asso.fr<\/a><\/p>\n<p style=\"font-weight: 400;\"><a href=\"http:\/\/www.archimede.asso.fr\/\" data-saferedirecturl=\"https:\/\/www.google.com\/url?q=http:\/\/www.archimede.asso.fr\/&amp;source=gmail&amp;ust=1751607439311000&amp;usg=AOvVaw0WaP8fUptq0rre3jDY0Q7a\">www.archimede.asso.fr<\/a><\/p>\n<p style=\"font-weight: 400;\"><strong>AQUAGYM\u00a0:<\/strong><\/p>\n<p style=\"font-weight: 400;\">Nous ne proposons pas de cours aquagym<\/p>\n<p style=\"font-weight: 400;\"><strong>NATATION\u00a0:<\/strong><br \/>\n<strong>B\u00e9b\u00e9s nageurs\u00a0:<\/strong><\/p>\n<p style=\"font-weight: 400;\">Nous ne proposons pas de session b\u00e9b\u00e9s nageurs<\/p>\n<p style=\"font-weight: 400;\"><strong>Enfants\u00a0:<\/strong><\/p>\n<p style=\"font-weight: 400;\">Nous ne proposons pas de session enfants<\/p>\n<p style=\"font-weight: 400;\"><strong>Adultes d\u00e9butants\u00a0:<\/strong><br \/>\nLieu des cours :\u00a0<strong>piscine Aspirant Dunand<\/strong><br \/>\nLundi 19h30 \u2013 21h00<\/p>\n<p style=\"font-weight: 400;\">Cours collectifs \u00a4 Adultes \u00a4 S\u00e9niors \u00a4<\/p>\n<p style=\"font-weight: 400;\"><strong>Adultes d\u00e9butants\u00a0:<\/strong><br \/>\nLieu des cours :\u00a0<strong>piscine Jeanne et Th\u00e9r\u00e8se Brul\u00e9<\/strong><br \/>\nVendredi 18h00 \u2013 21h00<\/p>\n<p style=\"font-weight: 400;\">Cours collectifs \u00a4 Adultes \u00a4 S\u00e9niors \u00a4<\/p>\n<p style=\"font-weight: 400;\"><strong>Adultes d\u00e9butants\u00a0:<\/strong><br \/>\nLieu des cours :\u00a0<strong>piscine Armand Massard<\/strong><br \/>\nJeudi 18h00 \u2013 19h00<\/p>\n<p style=\"font-weight: 400;\">Cours collectifs \u00a4 Adultes \u00a4 S\u00e9niors \u00a4<\/p>\n<p style=\"font-weight: 400;\"><strong>AQUAGYM\u00a0:<\/strong><\/p>\n<p style=\"font-weight: 400;\">Lieu des cours :\u00a0<strong>bassin \u00e9cole du Stade Elisabeth<\/strong><\/p>\n<p style=\"font-weight: 400;\">Lundi 12h30 \u2013 13h30<\/p>\n<p style=\"font-weight: 400;\">Cours collectifs \u00a4 Adultes \u00a4 S\u00e9niors \u00a4<\/p>\n<p style=\"font-weight: 400;\"><strong>NATATION\u00a0:<\/strong><br \/>\n<strong>B\u00e9b\u00e9s nageurs\u00a0:<\/strong><\/p>\n<p style=\"font-weight: 400;\">Lieu des cours :\u00a0<strong>bassin \u00e9cole du Stade Elisabeth<\/strong><\/p>\n<p style=\"font-weight: 400;\">Dimanche 9h00 \u2013 12h15<\/p>\n<p style=\"font-weight: 400;\">Cours collectifs \u00a4 Parents \u00a4 Enfants \u00a4<br \/>\n<strong>\u00a0<\/strong><br \/>\n<strong>Enfants apprentissage et peur de l\u2019eau\u00a0:<\/strong><br \/>\nLieu des cours :\u00a0<strong>bassin \u00e9cole du Stade Elisabeth<\/strong><\/p>\n<p style=\"font-weight: 400;\">Mercredi\u00a017h00 \u2013 19h00<br \/>\nVendredi 17h30 \u2013 19h15<\/p>\n<p style=\"font-weight: 400;\">Cours collectifs \u00a4 Enfants\u00a4<\/p>\n<p style=\"font-weight: 400;\"><strong>Adultes d\u00e9butants et peur de l\u2019eau\u00a0:<\/strong><\/p>\n<p style=\"font-weight: 400;\">Lieu des cours :\u00a0<strong>bassin \u00e9cole du Stade Elisabeth<\/strong><\/p>\n<p style=\"font-weight: 400;\">Lundi 16h30 \u2013 20h45<\/p>\n<p style=\"font-weight: 400;\">Mercredi 12h00 \u2013 13h30<br \/>\nJeudi 15h30 \u2013 18h30<br \/>\nVendredi 19h15 \u2013 20h45<br \/>\nDimanche 12h15 \u2013 15h45<\/p>\n<p style=\"font-weight: 400;\">Cours collectifs \u00a4 Adultes \u00a4 S\u00e9niors \u00a4<\/p>\n<p style=\"font-weight: 400;\"><strong>\u00a0<\/strong><\/p>\n<p style=\"font-weight: 400;\"><strong>Adultes d\u00e9butants\u00a0:<\/strong><br \/>\nLieu des cours :\u00a0<strong>piscine Aspirant Dunand<\/strong><br \/>\nLundi 19h30 \u2013 21h00<\/p>\n<p style=\"font-weight: 400;\">Cours collectifs \u00a4 Adultes \u00a4 S\u00e9niors \u00a4<\/p>\n<p style=\"font-weight: 400;\"><strong>Adultes d\u00e9butants\u00a0:<\/strong><br \/>\nLieu des cours :\u00a0<strong>piscine Jeanne et Th\u00e9r\u00e8se Brul\u00e9<\/strong><br \/>\nVendredi 18h00 \u2013 21h00<\/p>\n<p style=\"font-weight: 400;\">Cours collectifs \u00a4 Adultes \u00a4 S\u00e9niors \u00a4<\/p>\n<p style=\"font-weight: 400;\"><strong>Adultes interm\u00e9diaires\u00a0:<\/strong><br \/>\nLieu des cours :\u00a0<strong>piscine Armand Massard<\/strong><br \/>\nJeudi 18h00 \u2013 19h00<\/p>\n<p style=\"font-weight: 400;\">Cours collectifs \u00a4 Adultes \u00a4 S\u00e9niors \u00a4<\/p>\n<\/div>\n<p><span style=\"color: #800080;\"><strong>ARMORIQUE<\/strong><\/span><\/p>\n<p>Correspondants : Jacqueline GOUJON 01 43 22 88 95<br \/>\net Catherine M\u00e9n\u00e9 06 63 14 08 64<br \/>\nAdresse postale : 5 rue du Moulin vert 75014 PARIS<br \/>\nMail\u00a0:\u00a0armoriquesports@free.fr<\/p>\n<p>Site internet\u00a0: https:\/\/www.armo-sports.fr\/<\/p>\n<div>Lieux des activit\u00e9s\u00a0: Piscine Aspirant Dunand<\/div>\n<div>Les mardi de 17h \u00e0 18h et 18h \u00e0 19h Apprentissage et perfectionnement pour les \u00a0enfants (D\u00e8s 6 ans)<\/div>\n<div>Les jeudis de 18h \u00e0 19h30 Cours de nage libre pour adultes et aquagym<\/div>\n<div>.<\/div>\n<p><span style=\"color: #800080;\"><strong>FEMINA SPORT<\/strong><\/span><br \/>\nCorrespondant\u00a0 \u00a0 \u00a0St\u00e9phane JARRY<br \/>\nAdresse : 7-15 av Paul Appell 75014 Paris<br \/>\nPermanence :\u00a0Consulter les horaires des permanences sur le web site<br \/>\nT\u00e9l : 01 45 41 64 08<\/p>\n<div>Bassin \u00e9cole stade Elisabeth<\/div>\n<div>Mardi 18h &#8211; 18h 45 \/ 19h &#8211; 19h 45<\/div>\n<div>Mercredi 19h &#8211; 19h 45 \/ 20h &#8211; 20h 45<\/div>\n<div><\/div>\n<p><a target=\"_blank\" rel=\"noopener noreferrer\">feminasport@orange.fr<\/a><br \/>\n<a href=\"http:\/\/www.femina1912.fr\/\" target=\"_blank\" rel=\"noopener noreferrer\" data-saferedirecturl=\"https:\/\/www.google.com\/url?hl=fr&amp;q=http:\/\/www.femina1912.fr&amp;source=gmail&amp;ust=1528267948972000&amp;usg=AFQjCNGYrBS4No59NL4xMX4tMKr6s_OWyg\">femina1912.fr<\/a><\/p>\n<p><strong><span style=\"color: #800080;\">JEUNESSE ATHLETIQUE DE MONTROUGE<\/span> ( J.A.M.)<\/strong><\/p>\n<div>Correspondant : A BATISSIER<\/div>\n<div>T\u00e9l: 06 09 92 38 26<\/div>\n<div>Adresse postale :\u00a05, rue du Moulin Vert 75014 Paris<\/div>\n<div>Permanence : 06 46 15 42 38<\/div>\n<div>\u00a0<a href=\"http:\/\/jamomnisports.com\/\" target=\"_blank\" rel=\"noopener noreferrer\" data-saferedirecturl=\"https:\/\/www.google.com\/url?q=http:\/\/jamomnisports.com&amp;source=gmail&amp;ust=1551284616883000&amp;usg=AFQjCNEWsAsvhZuPdBxi1FrB6knbHBda4A\">jamomnisports.com<\/a><\/div>\n<div>jamomnisports14@gmail.com<\/div>\n<div>Lieu des cours : Piscine Aspirand Dunand<br \/>\nLundi 17h30 \u2013 19h30<br \/>\nMercredi 19h30 &#8211; 21h30<br \/>\nLoisirs\u00a4 3\u00e8me \u00e2ge \u00a4 Enfants \u00a4 Adultes \u00a4<br \/>\nancpe@wanadoo.fr<\/div>\n<div><\/div>\n<div>.<\/div>\n<div>\n<p style=\"font-weight: 400;\"><span style=\"color: #993366;\"><strong>LES HIPPOCAMPES DE PARIS<\/strong><\/span><\/p>\n<p style=\"font-weight: 400;\">Correspondant : Claire DUPIN (Pr\u00e9sidente)<br \/>\nAdresse postale : 190 avenue du Maine \u2013 75014 PARIS<br \/>\nT\u00e9l: 06.72.07.55.01<br \/>\n<a href=\"mailto:clairedupin@club-internet.fr\">clairedupin@club-internet.fr<\/a><\/p>\n<p style=\"font-weight: 400;\">http:\/\/hippocampesdeparis.fr\/<br \/>\nLieu des cours : Piscine Armand Massard, Montparnasse, Paris 15\u00e8me- entrainement de natation dans le bassin de 33m \/ entrainement d\u2019aquagym dans le bassin de 25m .<br \/>\nJeudi 21h -22h30<br \/>\nLoisirs \u2013 Adultes<\/p>\n<\/div>\n<div>.<\/div>\n<p><b><span style=\"color: #800080;\">RMA<\/span> (Racing MultiAthlon) Paris Triathlon<\/b><\/p>\n<p>Le RMA des activit\u00e9s de Natation (Triathlon) sur le site de la piscine Aspirant Dunand depuis 2014.<\/p>\n<p>Les cours ont lieu le jeudi de 17h \u00e0 18h (enfants de 7 \u00e0 12 ans uniquement) et le samedi de 18h \u00e0 19h30 (enfants de 7 \u00e0 17 ans et adultes)<\/p>\n<p>Site Internet et plannings:\u00a0<a href=\"http:\/\/www.rma-triathlon.fr\/\" target=\"_blank\" rel=\"noopener noreferrer\" data-saferedirecturl=\"https:\/\/www.google.com\/url?hl=fr&amp;q=http:\/\/www.rma-triathlon.fr\/&amp;source=gmail&amp;ust=1507645771124000&amp;usg=AFQjCNF56Z6uGQIgG6Suo5JSWWe-IE3y8w\">http:\/\/www.rma-tria<wbr \/>thlon.fr\/<\/a><\/p>\n<p>Contact: Greg Ravis\u00e9 (Coach dipl\u00f4m\u00e9 d\u2019\u00e9tat)\u00a0\u00a0\u00a0\u00a0\u00a0\u00a0Tel: 0618581251<\/p>\n<p>Mail:\u00a0<a>rma.triathlon@gmail.com<\/a><\/p>\n<h4><span style=\"color: #800080;\"><strong>SPORTING CLUB du 14<\/strong><\/span><\/h4>\n<p>Aquagym, Natation enfants \/ adultes, Triathlon.<\/p>\n<p>Correspondant : \u00a0Bertrand RAYMOND<\/p>\n<ul>\n<li><a href=\"mailto:sportingclubdu14@hotmail.fr\" target=\"_blank\" rel=\"noopener\">sportingclubdu14@hotmail.fr<\/a><\/li>\n<li><a href=\"http:\/\/www.sportingclubdu14.fr\/\" target=\"_blank\" rel=\"noopener\" data-saferedirecturl=\"https:\/\/www.google.com\/url?q=http:\/\/www.sportingclubdu14.fr&amp;source=gmail&amp;ust=1625050939621000&amp;usg=AFQjCNG79iqbbPeGiHlkQol7XKLipiEb4w\">www.sportingclubdu14.fr<\/a><\/li>\n<\/ul>\n<p><span style=\"color: #0000ff;\"><b>\u00a0<\/b><\/span><\/p>\n<p><span style=\"color: #0000ff;\"><strong>PLONGEE<\/strong><\/span><\/p>\n<p><span style=\"color: #800080;\"><strong>LOISIRS PLONGEE<\/strong><\/span><\/p>\n<div dir=\"ltr\"><i>Correspondant : Denis NEVEU<br \/>\nAdresse : 24 av du Maine 75014 PARIS<br \/>\nT\u00e9l : 06 50 33 43 13<br \/>\n<a target=\"_blank\" rel=\"noopener noreferrer\">contact@loisirs-plongee.fr<\/a><br \/>\nwww-loisirs-plong\u00e9e.paris<\/i><\/div>\n<div dir=\"ltr\"><i><br \/>\nPlong\u00e9e : Piscine Didot lundi 20h45 \u2013 21h30<br \/>\n<\/i><\/div>\n<div dir=\"ltr\"><i>Apn\u00e9e : Piscine Aspirand Dunand mercredi 21h30 &#8211; 22h30<\/i><\/div>\n<div dir=\"ltr\"><i>Famille (Plong\u00e9e &amp; Apn\u00e9e) :\u00a0Piscine Didot samedi 18h00 \u2013 20h00&Prime;<\/i><\/div>\n<div dir=\"ltr\">.<\/div>\n<p><span style=\"color: #800080;\"><strong>NAUTILUS PLONGEE<\/strong><\/span><\/p>\n<div>Fr\u00e9d\u00e9ric Pauget<br \/>\nT\u00e9l: 06 72 93 50 16<br \/>\n<a href=\"mailto:nautilusplongee75@gmail.com\" target=\"_blank\" rel=\"noopener\">nautilusplongee75@gmail.com<\/a>Cours le vendredi soir de 20h50 \u00e0 22h15 \u00e0 la piscine Didot, 22 avenue<br \/>\nGeorges Lafenestre, 75014 Paris.<br \/>\nCours Enfants + Adultes (passage niveaux 1,2 et 3). Initiation \u00e0<br \/>\nl\u2019apn\u00e9e (pas de passage de niveau).<br \/>\nPr\u00e9paration N4, initiateur et MF1<\/div>\n<p><span style=\"color: #3366ff;\"><strong>VOILE<\/strong><\/span><\/p>\n<p><span style=\"color: #800080;\"><strong>GROUPE DE CROISI\u00c8RE AU LARGE<\/strong><br \/>\n<span style=\"color: #000000;\">Correspondant : Alain CHARLES<\/span><br \/>\n<span style=\"color: #000000;\"> Tel : 06 11 48 97 38<\/span><br \/>\n<\/span><strong><a href=\"mailto:communication@voile-gcal.com\" target=\"_blank\" rel=\"noopener noreferrer\">communication@voile-gcal.com<\/a><\/strong><span style=\"color: #000000;\"><br \/>\n<\/span><strong><a href=\"http:\/\/www.voile-gcal.com\/\" target=\"_blank\" rel=\"noopener noreferrer\">www.voile-gcal.com<\/a><\/strong><span style=\"color: #000000;\"><br \/>\nPermanence : au t\u00e9l\u00e9phone<br \/>\nR\u00e9unions : Maison des Associations du 14\u00b0 BP41, 22 rue Deparcieux, 75014 Paris<\/span><\/p>\n<p><span style=\"color: #000000;\">Lieu des cours : Jeudi 20h-21h\u00a0Salle associative du 14\u00b0 (se renseigner)\u00a0<\/span><\/p>\n","protected":false},"excerpt":{"rendered":"<p>AQUAGYM ET NATATION ARCHIM\u00c8DE Contact\u00a0: Timea Toth Portable\u00a0: 06 20 78 71 27 e-mail\u00a0:\u00a0info@archimede.asso.fr www.archimede.asso.fr AQUAGYM\u00a0: Nous ne proposons pas de cours aquagym NATATION\u00a0: B\u00e9b\u00e9s nageurs\u00a0: Nous ne proposons pas de session b\u00e9b\u00e9s nageurs Enfants\u00a0: Nous ne proposons pas de<\/p>\n","protected":false},"author":1,"featured_media":0,"parent":7,"menu_order":6,"comment_status":"closed","ping_status":"closed","template":"","meta":{"footnotes":""},"class_list":["post-26","page","type-page","status-publish","hentry"],"_links":{"self":[{"href":"https:\/\/oms14.fr\/index.php?rest_route=\/wp\/v2\/pages\/26","targetHints":{"allow":["GET"]}}],"collection":[{"href":"https:\/\/oms14.fr\/index.php?rest_route=\/wp\/v2\/pages"}],"about":[{"href":"https:\/\/oms14.fr\/index.php?rest_route=\/wp\/v2\/types\/page"}],"author":[{"embeddable":true,"href":"https:\/\/oms14.fr\/index.php?rest_route=\/wp\/v2\/users\/1"}],"replies":[{"embeddable":true,"href":"https:\/\/oms14.fr\/index.php?rest_route=%2Fwp%2Fv2%2Fcomments&post=26"}],"version-history":[{"count":91,"href":"https:\/\/oms14.fr\/index.php?rest_route=\/wp\/v2\/pages\/26\/revisions"}],"predecessor-version":[{"id":8278,"href":"https:\/\/oms14.fr\/index.php?rest_route=\/wp\/v2\/pages\/26\/revisions\/8278"}],"up":[{"embeddable":true,"href":"https:\/\/oms14.fr\/index.php?rest_route=\/wp\/v2\/pages\/7"}],"wp:attachment":[{"href":"https:\/\/oms14.fr\/index.php?rest_route=%2Fwp%2Fv2%2Fmedia&parent=26"}],"curies":[{"name":"wp","href":"https:\/\/api.w.org\/{rel}","templated":true}]}}