
{"id":28,"date":"2011-12-21T13:37:45","date_gmt":"2011-12-21T13:37:45","guid":{"rendered":"http:\/\/eveilleau.net\/oms14\/?page_id=28"},"modified":"2025-07-24T14:57:20","modified_gmt":"2025-07-24T12:57:20","slug":"en-roues-libres","status":"publish","type":"page","link":"https:\/\/oms14.fr\/?page_id=28","title":{"rendered":"En roues libres"},"content":{"rendered":"<p><span style=\"color: #3366ff;\"><strong>CYCLISME<\/strong><\/span><\/p>\n<p><strong><span style=\"color: #993366;\">A2CMIEUX<\/span><\/strong><\/p>\n<p>Ludovic Petitdemange<\/p>\n<p>2 av Villemain 75014<\/p>\n<p>D\u00e9ficient visuel<\/p>\n<p><span style=\"color: #800080;\"><strong>A.S.L.A.A<\/strong>.<\/span> (Association Sports et Loisirs pour Aveugles et Amblyopes)<br \/>\nCorrespondant : Candide CODJO<br \/>\nAdresse postale : 7bis, rue du Loing 75014 Paris<br \/>\nT\u00e9l : 01 43 20 73 08 \u00a0 06 85 75 42 51<br \/>\nMail : secretariat.aslaa@wanadoo.fr<br \/>\nSite : http:\/\/www.aslaa.org<br \/>\nTandem pour Handicap\u00e9s visuels<br \/>\nComp\u00e9tition &#8211; Sorties Sportives &#8211; Adolescents &#8211; \u00e0 partir dse 16 ans- Adultes<\/p>\n<p><span style=\"color: #800080;\"><strong>PARIS CYCLISTE OLYMPIQUE<\/strong><\/span><\/p>\n<p>Correspondant : Christian MASOLA<br \/>\nAdresse postale : 47:51 Avenue de Gravelle 75012 PARIS<br \/>\nTel : 01 56 29 48 05<br \/>\nMail : paris-cyclisme.olympique@neuf.fr<br \/>\nSite : http:\/\/www.pco75.org<br \/>\nLieu des cours : V\u00e9lodrome Jacques Anquetil<br \/>\nPiste \/ Route \/ Cyclo-cross \/ Polo v\u00e9lo<br \/>\nMercredi : de 14h \u00e0 17h<br \/>\nDimanche : de 8h \u00e0 12h<br \/>\nLoisirs &#8211; Comp\u00e9tition &#8211; Adultes &#8211; Enfants<\/p>\n<p><strong><span style=\"color: #3366ff;\">SKATE<\/span><\/strong><\/p>\n<p><span style=\"color: #993366;\"><b>\u00a0<\/b><\/span><\/p>\n<p><span style=\"color: #800080;\"><strong>RSI<\/strong><\/span><\/p>\n<p>Adresse du si\u00e8ge : 7 rue Jean Giono \u2013 75013 PARIS<\/p>\n<p>Pr\u00e9sidente : Adeline Le Men<\/p>\n<p>Mail :\u00a0<a href=\"mailto:adherents.rsi@gmail.com\">adherents.rsi@gmail.com<\/a><\/p>\n<p>Contact (Adeline) : 0685837104<\/p>\n<p>Site internet :\u00a0<a href=\"http:\/\/www.rsi.asso.fr\/\">www.rsi-asso.fr<\/a><\/p>\n<p>Instagram :@roller_squad_institut<\/p>\n<p>Facebook : @RSIParis<\/p>\n<p>Roller Squad Institut propose diff\u00e9rentes activit\u00e9s en roller quad et inline \u00e0 Paris, pour tous les \u00e2ges et tous les niveaux (d\u00e9butant, d\u00e9brouill\u00e9 &amp; confirm\u00e9) :<\/p>\n<p>Roller Urbain, Roller<span class=\"gmail_default\">d<\/span>ance, Slalom &amp; Modules, Hockey Mixte et F\u00e9minin,\u00a0Roller\u00a0<span class=\"gmail_default\">Enfants &amp; Ados, Freestyle Adultes &amp; Ados, Artistique, Handi Hockey Luge<\/span>, stages, randonn\u00e9es\u2026<\/p>\n<p>Programmation 2020\/2021 &#8211; Activit\u00e9s Roller du 14\u00e8me :\u00a0<a href=\"https:\/\/bit.ly\/3hxNWDc\">https:\/\/bit.ly\/3hxNWDc<\/a><\/p>\n<p><span style=\"color: #800080;\"><strong>PLANET ROLLER<\/strong><\/span><\/p>\n<p>Correspondant: Claire LEONARD<\/p>\n<p>84 rue Daguerre Paris 75014<\/p>\n<p>T\u00e9l: 06 60 80 68 33<\/p>\n<p>www.planetrolleer.com<\/p>\n","protected":false},"excerpt":{"rendered":"<p>CYCLISME A2CMIEUX Ludovic Petitdemange 2 av Villemain 75014 D\u00e9ficient visuel A.S.L.A.A. (Association Sports et Loisirs pour Aveugles et Amblyopes) Correspondant : Candide CODJO Adresse postale : 7bis, rue du Loing 75014 Paris T\u00e9l : 01 43 20 73 08 \u00a0<\/p>\n","protected":false},"author":1,"featured_media":0,"parent":7,"menu_order":7,"comment_status":"closed","ping_status":"closed","template":"","meta":{"footnotes":""},"class_list":["post-28","page","type-page","status-publish","hentry"],"_links":{"self":[{"href":"https:\/\/oms14.fr\/index.php?rest_route=\/wp\/v2\/pages\/28","targetHints":{"allow":["GET"]}}],"collection":[{"href":"https:\/\/oms14.fr\/index.php?rest_route=\/wp\/v2\/pages"}],"about":[{"href":"https:\/\/oms14.fr\/index.php?rest_route=\/wp\/v2\/types\/page"}],"author":[{"embeddable":true,"href":"https:\/\/oms14.fr\/index.php?rest_route=\/wp\/v2\/users\/1"}],"replies":[{"embeddable":true,"href":"https:\/\/oms14.fr\/index.php?rest_route=%2Fwp%2Fv2%2Fcomments&post=28"}],"version-history":[{"count":33,"href":"https:\/\/oms14.fr\/index.php?rest_route=\/wp\/v2\/pages\/28\/revisions"}],"predecessor-version":[{"id":8279,"href":"https:\/\/oms14.fr\/index.php?rest_route=\/wp\/v2\/pages\/28\/revisions\/8279"}],"up":[{"embeddable":true,"href":"https:\/\/oms14.fr\/index.php?rest_route=\/wp\/v2\/pages\/7"}],"wp:attachment":[{"href":"https:\/\/oms14.fr\/index.php?rest_route=%2Fwp%2Fv2%2Fmedia&parent=28"}],"curies":[{"name":"wp","href":"https:\/\/api.w.org\/{rel}","templated":true}]}}