
{"id":31,"date":"2011-12-21T13:39:19","date_gmt":"2011-12-21T13:39:19","guid":{"rendered":"http:\/\/eveilleau.net\/oms14\/?page_id=31"},"modified":"2025-06-29T06:18:59","modified_gmt":"2025-06-29T04:18:59","slug":"epees-et-tir","status":"publish","type":"page","link":"https:\/\/oms14.fr\/?page_id=31","title":{"rendered":"Ep\u00e9es"},"content":{"rendered":"<p><strong>ESCRIME<\/strong><\/p>\n<p><span style=\"color: #800080;\"><strong>ASPTT PARIS<\/strong><\/span><\/p>\n<p>Correspondant : Oscar Bon Pr\u00e9vost<\/p>\n<p>T\u00e9l: 06 11 75 35 06<\/p>\n<p><a href=\"http:\/\/www.escrime-aspttparis.com\/\" target=\"_blank\" rel=\"noopener noreferrer\" data-saferedirecturl=\"https:\/\/www.google.com\/url?q=http:\/\/www.escrime-aspttparis.com\/&amp;source=gmail&amp;ust=1624167413960000&amp;usg=AFQjCNEA3vjyPqbXbWndtCcfGa0MfeJ-5g\">http:\/\/www.escrime-aspttparis.<wbr \/>com\/<\/a><\/p>\n<p><a href=\"mailto:section@escrime-aspttparis.com\" target=\"_blank\" rel=\"noopener noreferrer\">section@escrime-aspttparis.com<\/a><\/p>\n<p>Gymnase Rosa Park<br \/>\nLundi de 17h \u00e0 22h<br \/>\nMercredi de 14H00 \u00e0 22H00<br \/>\nJeudi de 20h \u00e0 22h<br \/>\nCours collectifs \u00a4 Cours individuels \u00a4 Enfants \u00a4 Adultes \u00a4 Loisirs \u00a4 Comp\u00e9tition \u00a4<\/p>\n<p><strong>\u00a0<\/strong><\/p>\n","protected":false},"excerpt":{"rendered":"<p>ESCRIME ASPTT PARIS Correspondant : Oscar Bon Pr\u00e9vost T\u00e9l: 06 11 75 35 06 http:\/\/www.escrime-aspttparis.com\/ section@escrime-aspttparis.com Gymnase Rosa Park Lundi de 17h \u00e0 22h Mercredi de 14H00 \u00e0 22H00 Jeudi de 20h \u00e0 22h Cours collectifs \u00a4 Cours individuels \u00a4<\/p>\n","protected":false},"author":1,"featured_media":0,"parent":7,"menu_order":8,"comment_status":"closed","ping_status":"closed","template":"","meta":{"footnotes":""},"class_list":["post-31","page","type-page","status-publish","hentry"],"_links":{"self":[{"href":"https:\/\/oms14.fr\/index.php?rest_route=\/wp\/v2\/pages\/31","targetHints":{"allow":["GET"]}}],"collection":[{"href":"https:\/\/oms14.fr\/index.php?rest_route=\/wp\/v2\/pages"}],"about":[{"href":"https:\/\/oms14.fr\/index.php?rest_route=\/wp\/v2\/types\/page"}],"author":[{"embeddable":true,"href":"https:\/\/oms14.fr\/index.php?rest_route=\/wp\/v2\/users\/1"}],"replies":[{"embeddable":true,"href":"https:\/\/oms14.fr\/index.php?rest_route=%2Fwp%2Fv2%2Fcomments&post=31"}],"version-history":[{"count":11,"href":"https:\/\/oms14.fr\/index.php?rest_route=\/wp\/v2\/pages\/31\/revisions"}],"predecessor-version":[{"id":8228,"href":"https:\/\/oms14.fr\/index.php?rest_route=\/wp\/v2\/pages\/31\/revisions\/8228"}],"up":[{"embeddable":true,"href":"https:\/\/oms14.fr\/index.php?rest_route=\/wp\/v2\/pages\/7"}],"wp:attachment":[{"href":"https:\/\/oms14.fr\/index.php?rest_route=%2Fwp%2Fv2%2Fmedia&parent=31"}],"curies":[{"name":"wp","href":"https:\/\/api.w.org\/{rel}","templated":true}]}}