
{"id":33,"date":"2011-12-21T13:43:01","date_gmt":"2011-12-21T13:43:01","guid":{"rendered":"http:\/\/eveilleau.net\/oms14\/?page_id=33"},"modified":"2025-07-24T14:58:17","modified_gmt":"2025-07-24T12:58:17","slug":"escalade-randonnee","status":"publish","type":"page","link":"https:\/\/oms14.fr\/?page_id=33","title":{"rendered":"Escalade, randonn\u00e9e"},"content":{"rendered":"<p><span style=\"color: #0000ff;\"><strong>ESCALADE<\/strong><\/span><\/p>\n<p><span style=\"color: #800080;\"><strong>ARMORIQUE<\/strong><\/span><\/p>\n<p>Correspondant :\u00a0Catherine M\u00e9n\u00e9<br \/>\nAdresse postale :\u00a05 rue du Moulin Vert 75014 PARIS<br \/>\nT\u00e9l: 06 63 14 08 64<br \/>\nsite: https:\/\/www.armo-sports.fr\/<br \/>\nEmail :\u00a0armoriquesports@free.fr<br \/>\nLieu des cours : Gymnase du commandant Mouchotte et Alice Milliat<br \/>\nles Mercredi 13h 30- 15h 30 et 15h30 \u00e0 17h30<\/p>\n<p>Loisirs \u2013 Cours collectifs \u2013 Enfants \u00a0&#8211; Adolescents<\/p>\n<p><span style=\"color: #800080;\"><b>\u00a0<\/b><\/span><\/p>\n<p><span style=\"color: #800080;\"><strong>ROC14<\/strong><\/span><\/p>\n<p>Correspondants et structure du club:\u00a0<a href=\"http:\/\/roc14.org\/la-structuration-du-club\/\" target=\"_blank\" rel=\"noopener\" data-saferedirecturl=\"https:\/\/www.google.com\/url?q=http:\/\/roc14.org\/la-structuration-du-club\/&amp;source=gmail&amp;ust=1685012356896000&amp;usg=AOvVaw0zRBHf3YoC69QKjel-8_2V\">http:\/\/roc14.org\/la-<wbr \/>structuration-du-club\/<\/a><\/p>\n<p>Affili\u00e9 a la FSGT:\u00a0<a href=\"https:\/\/www.fsgt.org\/activites\/escalade\" target=\"_blank\" rel=\"noopener\" data-saferedirecturl=\"https:\/\/www.google.com\/url?q=https:\/\/www.fsgt.org\/activites\/escalade&amp;source=gmail&amp;ust=1685012356896000&amp;usg=AOvVaw3bP6qp15wZkSStQPm2wGsI\">https:\/\/www.fsgt.org\/<wbr \/>activites\/escalade<\/a><\/p>\n<p>Le projet:\u00a0<a href=\"http:\/\/roc14.org\/roc-14-en-quelques-mots\/\" target=\"_blank\" rel=\"noopener\" data-saferedirecturl=\"https:\/\/www.google.com\/url?q=http:\/\/roc14.org\/roc-14-en-quelques-mots\/&amp;source=gmail&amp;ust=1685012356896000&amp;usg=AOvVaw0KTHk2MTBk36LTJS6RdOmw\">http:\/\/roc14.org\/roc-14-en-<wbr \/>quelques-mots\/<\/a><\/p>\n<p>Adresse: Gymnase Alice Milliat, 11ter rue d&rsquo;al\u00e9sia 75014 Paris<\/p>\n<p>Mail:\u00a0<a href=\"mailto:bureau@roc14.org\" target=\"_blank\" rel=\"noopener\">bureau@roc14.org<\/a><\/p>\n<p>Cr\u00e9neaux\u00a0adultes et mineurs:\u00a0<a href=\"http:\/\/roc14.org\/la-salle-le-mur\/\" target=\"_blank\" rel=\"noopener\" data-saferedirecturl=\"https:\/\/www.google.com\/url?q=http:\/\/roc14.org\/la-salle-le-mur\/&amp;source=gmail&amp;ust=1685012356896000&amp;usg=AOvVaw3qsFqqVTTtnk2S562_qeg_\">http:\/\/roc14.org\/la-salle-le-<wbr \/>mur\/<\/a><\/p>\n<p><span style=\"color: #0000ff;\"><strong>ESCALADE &#8211; ALPINISME &#8211; NEIGE &#8211; RANDONNEE<\/strong><\/span><\/p>\n<p><span style=\"color: #993366;\"><strong>CLUB ALPIN FRAN\u00c7AIS\u00a0ILE-DE-FRANCE<\/strong><\/span><\/p>\n<p>Correspondants :\u00a0 <a href=\"https:\/\/www.clubalpin-idf.com\/organisation\">https:\/\/www.clubalpin-idf.com\/organisation<\/a><\/p>\n<p><span style=\"color: #000000;\">Accueil public : 12 rue Boissonade\u00a0\/ Permanence :\u00a0<a href=\"https:\/\/www.clubalpin-idf.com\/horaires\" target=\"_blank\" rel=\"noopener\" data-saferedirecturl=\"https:\/\/www.google.com\/url?q=https:\/\/www.clubalpin-idf.com\/horaires&amp;source=gmail&amp;ust=1751348216011000&amp;usg=AOvVaw1reqLGLTxqtBJxUnhjwjku\">https:\/\/www.clubalpin-idf.com\/<wbr \/>horaires<\/a><\/span><\/p>\n<p><span style=\"color: #000000;\">Adresse postale :\u00a05 rue Campagne Premi\u00e8re \u2013 75014 Paris<\/span><\/p>\n<p><span style=\"color: #000000;\">T\u00e9l : 01 42 18 20 00<\/span><\/p>\n<p><span style=\"color: #ff0080;\"><span style=\"color: #000000;\">Mail :\u00a0<\/span><a href=\"https:\/\/www.clubalpin-idf.com\/ecrire\/secretariat\" target=\"_blank\" rel=\"noopener noreferrer\" data-saferedirecturl=\"https:\/\/www.google.com\/url?q=https:\/\/www.clubalpin-idf.com\/ecrire\/&amp;source=gmail&amp;ust=1572621714862000&amp;usg=AFQjCNHSXZ8uyqJDY8P61SCDmL6XGiPhPg\">https:\/\/www.clubalpin-idf.com\/<wbr \/>ecrire\/<\/a><\/span><\/p>\n<p>Site :\u00a0<a href=\"http:\/\/www.clubalpin-idf.com\/\" target=\"_blank\" rel=\"noopener noreferrer\" data-saferedirecturl=\"https:\/\/www.google.com\/url?q=http:\/\/www.clubalpin-idf.com\/&amp;source=gmail&amp;ust=1572621714862000&amp;usg=AFQjCNGT1iH7DQ49G_AjkoEVGqAINOIQcQ\">http:\/\/www.clubalpin-idf.com<\/a><\/p>\n<p><span style=\"color: #ff8040;\"><span style=\"color: #0000ff;\"><i>\u00a0<\/i><\/span><\/span><span style=\"color: #0000ff;\">Escalade Mur\u00a0<i>enfants &amp; adultes<\/i>\u00a0\/ Lieu des cours : murs Ville de Paris<\/span><\/p>\n<p>Escalade bloc \/ Fontainebleau le week-end<\/p>\n<p><span style=\"color: #339966;\">Escalade falaise et montagne<\/span><\/p>\n<p>Randonn\u00e9e \u00e0 la journ\u00e9e ou sur plusieurs jours (Ile-de-France, montagne, bords de mer, en France et \u00e0 l\u2019\u00e9tranger \u2026)<\/p>\n<p>Marche nordique<\/p>\n<p>VTT<\/p>\n<p>Trail<\/p>\n<p>Alpinisme \/ Cascade de glace<\/p>\n<p>Randonn\u00e9es raquettes \u00e0 neige<\/p>\n<p>Ski de montagne \/ Ski nordique \/ Ski hors-piste<\/p>\n<p>Sp\u00e9l\u00e9ologie<\/p>\n<p><span style=\"color: #0000ff;\"><strong>RANDONNEE<\/strong><\/span><\/p>\n<p><span style=\"color: #800080;\"><strong>RANDONNEURS d&rsquo;Ile de France<\/strong><\/span><br \/>\nRANDONEE PEDESTRE MARCHE NORDIQUE<\/p>\n<p>Adresse: 4 rue du Moulin Vert 75014 PARIS<br \/>\nT\u00e9l: 01 45 42 24 72<br \/>\ninfo@rifrando.asso.fr<br \/>\nwww.rifrando.asso.fr<\/p>\n<p>Facebook Randonneurs IDF<br \/>\n<b>Les jours de permanence qui sont d\u00e9sormais lundi, mercredi et vendredi.\u00a0<\/b><br \/>\n<b><\/b><\/p>\n<p>Loisirs &#8211; Adultes &#8211; Seniors<br \/>\nLieu des entra\u00eenements : Ile de France<\/p>\n<p><span style=\"color: #800080;\"><strong>ARMO&rsquo;FORME<\/strong><\/span><\/p>\n<div><strong>Marche active<\/strong>\u00a0:<\/div>\n<div><\/div>\n<div>Correspondant\u00a0: Catherine M\u00e9n\u00e9<\/div>\n<div><\/div>\n<div>Adresse postale\u00a0: 5 rue du Moulin Vert 75014 Paris<\/div>\n<div>Tel\u00a0: 06 63 14 08 64<\/div>\n<div>Site internet\u00a0: https:\/\/www.armo-sports.fr\/<\/div>\n<div>Mail\u00a0: armorforme@free.fr<\/div>\n<div>Cha\u00eene youtube\u00a0: https:\/\/www.youtube.com\/c\/ArmoriqueClubMultisports<\/div>\n<div><\/div>\n<div><strong>RANDONNEE PEDESTRE<\/strong><\/div>\n<p>Mini s\u00e9jour bien \u00eatre et d\u00e9couverte :<\/p>\n","protected":false},"excerpt":{"rendered":"<p>ESCALADE ARMORIQUE Correspondant :\u00a0Catherine M\u00e9n\u00e9 Adresse postale :\u00a05 rue du Moulin Vert 75014 PARIS T\u00e9l: 06 63 14 08 64 site: https:\/\/www.armo-sports.fr\/ Email :\u00a0armoriquesports@free.fr Lieu des cours : Gymnase du commandant Mouchotte et Alice Milliat les Mercredi 13h 30- 15h<\/p>\n","protected":false},"author":1,"featured_media":0,"parent":7,"menu_order":9,"comment_status":"closed","ping_status":"closed","template":"","meta":{"footnotes":""},"class_list":["post-33","page","type-page","status-publish","hentry"],"_links":{"self":[{"href":"https:\/\/oms14.fr\/index.php?rest_route=\/wp\/v2\/pages\/33","targetHints":{"allow":["GET"]}}],"collection":[{"href":"https:\/\/oms14.fr\/index.php?rest_route=\/wp\/v2\/pages"}],"about":[{"href":"https:\/\/oms14.fr\/index.php?rest_route=\/wp\/v2\/types\/page"}],"author":[{"embeddable":true,"href":"https:\/\/oms14.fr\/index.php?rest_route=\/wp\/v2\/users\/1"}],"replies":[{"embeddable":true,"href":"https:\/\/oms14.fr\/index.php?rest_route=%2Fwp%2Fv2%2Fcomments&post=33"}],"version-history":[{"count":39,"href":"https:\/\/oms14.fr\/index.php?rest_route=\/wp\/v2\/pages\/33\/revisions"}],"predecessor-version":[{"id":8280,"href":"https:\/\/oms14.fr\/index.php?rest_route=\/wp\/v2\/pages\/33\/revisions\/8280"}],"up":[{"embeddable":true,"href":"https:\/\/oms14.fr\/index.php?rest_route=\/wp\/v2\/pages\/7"}],"wp:attachment":[{"href":"https:\/\/oms14.fr\/index.php?rest_route=%2Fwp%2Fv2%2Fmedia&parent=33"}],"curies":[{"name":"wp","href":"https:\/\/api.w.org\/{rel}","templated":true}]}}