
{"id":35,"date":"2011-12-21T13:45:37","date_gmt":"2011-12-21T13:45:37","guid":{"rendered":"http:\/\/eveilleau.net\/oms14\/?page_id=35"},"modified":"2025-07-24T14:59:31","modified_gmt":"2025-07-24T12:59:31","slug":"raquettes","status":"publish","type":"page","link":"https:\/\/oms14.fr\/?page_id=35","title":{"rendered":"Raquettes"},"content":{"rendered":"<p><span style=\"color: #0000ff;\"><strong><em>BADMINTON<\/em><\/strong><\/span><\/p>\n<div><\/div>\n<p><strong><em><span style=\"color: #800080;\">BAD\u2019 A PANAME<\/span><br \/>\n<\/em><\/strong><\/p>\n<p>Si\u00e8ge social : 22 rue Deparcieux, 75014 Paris<br \/>\nMail de contact :\u00a0<a href=\"mailto:contact@bap75.fr\" target=\"_blank\" rel=\"noopener\">contact@bap75.fr\u00a0\u00a0<\/a><\/p>\n<p>Site internet : <a href=\"http:\/\/www.bap75.fr\/\" target=\"_blank\" rel=\"noopener\" data-saferedirecturl=\"https:\/\/www.google.com\/url?q=http:\/\/www.bap75.fr&amp;source=gmail&amp;ust=1746895393659000&amp;usg=AOvVaw34X-RciNmVWlMC6ANpPC7s\">www.bap75.fr<\/a><br \/>\nPr\u00e9sident : Jean-S\u00e9bastien Eideliman<br \/>\nBadminton pour toute.s dans\u00a0 le 14e arrondissement<br \/>\nGymnase principal : Alice Milliat<br \/>\nGymnases secondaires\u00a0 \u00a0 L\u00e9on Mottot, Alth\u00e9a Gibson, Bercy-Bastille<br \/>\nCours encadr\u00e9s pour jeunes et adultes. Jeu libre. Comp\u00e9titions individuelles et en \u00e9quipe.<br \/>\nCr\u00e9neaux tous les jours dans le 14e<\/p>\n<blockquote>\n<div>\n<div>\n<div>\n<div>\n<blockquote>\n<div>\n<div class=\"gmail_quote\">\n<blockquote class=\"gmail_quote\">\n<div dir=\"ltr\">\n<div><span style=\"color: #800080;\"><strong>GOODMINTON<\/strong><\/span><\/div>\n<div>Association de badminton LGBT+ et h\u00e9t\u00e9ro-friendly inclusive de Paris Rive Gauche<\/div>\n<div>Si\u00e8ge social : MVAC 13 (Maison de la Vie Associative et Citoyenne du 13e) 11, rue Caillaux &#8211; Bo\u00eete 102 &#8211; 75013 PARIS<br \/>\nMail de contact :\u00a0<a href=\"mailto:goodminton.news@gmail.com\" target=\"_blank\" rel=\"noopener\">goodminton.news@gmail.com<\/a><\/div>\n<div>Site internet :\u00a0<a href=\"https:\/\/goodminton.fr\/\" target=\"_blank\" rel=\"noopener\" data-saferedirecturl=\"https:\/\/www.google.com\/url?q=https:\/\/goodminton.fr\/&amp;source=gmail&amp;ust=1690707518880000&amp;usg=AOvVaw1ZaH5Q7BkhoEjxZ8yqqTbb\">https:\/\/goodminton.fr<\/a><\/div>\n<div>Pr\u00e9sident : Jean-Marie Naas<br \/>\nBadminton pour tou\u2e31te\u2e31s dans le 13e et le 14e arrondissement<br \/>\nGymnases dans le 14\u00e8me : Fran\u00e7ois Villon le mercredi de 20h30 \u00e0 22h30, Commandant Mouchotte le jeudi de 18h00 \u00e0 20h00<\/div>\n<div>Autres gymnases (10\u00e8me et 13\u00e8me arrondissements) : Thomas Mann le vendredi de 17h30 \u00e0 20h00, Marie Paradis le samedi de 13h30 \u00e0 19h30, Grands Moulins le dimanche de 10h00 \u00e0 14h30, Jean Pr\u00e9vost le dimanche de 14h00 \u00e0 18h00<\/div>\n<div>Jeu libre, cours pour d\u00e9butants, tournois internes et inter-associations, convivialit\u00e9s<\/div>\n<\/div>\n<\/blockquote>\n<\/div>\n<\/div>\n<\/blockquote>\n<\/div>\n<\/div>\n<\/div>\n<\/div>\n<\/blockquote>\n<p><span style=\"color: #0000ff;\"><strong>TENNIS<\/strong><\/span><\/p>\n<p><span style=\"color: #800080;\"><strong>ARMORIQUE<\/strong><\/span><\/p>\n<p>Correspondant : Catherine MENE \u00a0\u00a0 Constantin\u00a0 06 13 88 87 23<br \/>\nAdresse postale : 5 rue du Moulin Vert<br \/>\nT\u00e9l: 06 63 14 08 64<br \/>\nSite : https:\/\/www.armo-sports.fr\/<br \/>\nMail : armoriquesports@free.fr<br \/>\n<span style=\"font-size: 1rem; line-height: 1.714285714;\">Lieu des cours : stade Elisabeth 15 av Paul Appell 75014 PARIS<\/span><br \/>\n<span style=\"font-size: 1rem; line-height: 1.714285714;\">Toutes les heures<\/span><br \/>\n<span style=\"font-size: 1rem; line-height: 1.714285714;\">Mercredi de 16h \u00e0 20h \u00a0enfants de 8 et plus<\/span><br \/>\n<span style=\"font-size: 1rem; line-height: 1.714285714;\">Jeudi de 18h \u00e0 21h adultes et ados<\/span><br \/>\n<span style=\"font-size: 1rem; line-height: 1.714285714;\">Loisirs &#8211; Cours collectifs &#8211; Enfants &#8211; Adultes<\/span><\/p>\n<p><span style=\"color: #800080;\"><strong>ASPRAU<\/strong><\/span><br \/>\nCorrespondant : Pierre PELTIER<br \/>\nAdresse : 121 ,rue raymond Losserand, 75014 Paris<br \/>\nT\u00e9l : 01 45 43 70 91<br \/>\nLieu des cours : \u00a0dalle Montparnasse ,\u00a0\u00bbjardin atlantique\u00a0\u00bb<br \/>\nLoisirs &#8211; Adultes<\/p>\n<p><span style=\"color: #800080;\"><strong>FEMINA SPORT<\/strong><\/span><br \/>\nCorrespondant\u00a0 \u00a0 St\u00e9phane JARRY<br \/>\nAdresse : 7-15 av Paul Appell 75014 Paris<br \/>\nPermanence :\u00a0Consulter les horaires des permanences sur le web site<br \/>\nT\u00e9l : 01 45 41 64 08<\/p>\n<p><a target=\"_blank\" rel=\"noopener noreferrer\">feminasport@orange.fr<\/a><br \/>\n<a href=\"http:\/\/www.femina1912.fr\/\" target=\"_blank\" rel=\"noopener noreferrer\" data-saferedirecturl=\"https:\/\/www.google.com\/url?hl=fr&amp;q=http:\/\/www.femina1912.fr&amp;source=gmail&amp;ust=1528267948972000&amp;usg=AFQjCNGYrBS4No59NL4xMX4tMKr6s_OWyg\">femina1912.fr<\/a><\/p>\n<p><span style=\"font-size: 1rem; line-height: 1.714285714;\">Lieu des cours : stade Elisabeth; cours couvert et plein air; mini tennis ecole de tennis club juniors<\/span><br \/>\n<span style=\"font-size: 1rem; line-height: 1.714285714;\">Tous les jours<\/span><br \/>\n<span style=\"line-height: 1.714285714; font-size: 1rem;\">\u00a0<\/span><b style=\"line-height: 1.714285714; font-size: 1rem;\"><span style=\"text-decoration: underline;\">tennis en fauteuil<\/span><\/b><br \/>\n<span style=\"font-size: 1rem; line-height: 1.714285714;\">Loisirs &#8211; Enfants &#8211; Adultes &#8211; Cours collectifs-<\/span>comp\u00e9titions,-stage<\/p>\n<div><span style=\"color: #800080;\"><strong>INTERNATIONAL TENNIS CLUB<\/strong><\/span><\/div>\n<div><\/div>\n<div>Correspondant : M M Fran\u00e7ois et Gwendal DENIS<\/div>\n<div>Adresse : 159, rue Raymond Losserand 75014 Paris<\/div>\n<div>T\u00e9l : 06 64 01 71 68 et 06 13 95 69 70<\/div>\n<div>Mail : <a title=\"mailto:contact@internationaltc.fr\">contact@internationaltc.fr<\/a><\/div>\n<div><\/div>\n<div>Lieu des cours : Stade Elisabeth, jardin Atlantique<\/div>\n<div><\/div>\n<div><span style=\"color: #000000; font-family: Calibri;\">Le mardi \u00a0Cours adultes 20\/22h au Stade Elisabeth et\u00a020\/22h aux Jardins de l\u2019Atlantique<\/span><\/div>\n<div><span style=\"color: #000000; font-family: Calibri;\">Le mercredi 14\/18h Ecole de tennis et\u00a019\/22h Cours adultes au Stade Elisabeth<\/span><\/div>\n<div><span style=\"color: #000000; font-family: Calibri;\">Le mardi et le jeudi 10\/12h parties en double adultes au Stade Elisabeth<\/span><\/div>\n<div><span style=\"color: #000000; font-family: Calibri;\">Le vendredi 17\/19h Ecole de tennis et 19h\/22h Cours adultes au Stade Elisabeth<\/span><\/div>\n<div><span style=\"color: #000000; font-family: Calibri;\">Le samedi 14\/18h Ecole de tennis aux Jardins de l\u2019Atlantique<\/span><\/div>\n<div><\/div>\n<div>Loisirs \u2013 Cours collectifs \u2013 Adultes \u2013 Enfants mardi soir mercredi apr\u00e8s midi et soir vendredi soir samedi et dimanche apr\u00e8s midi<\/div>\n<div>Doubles en matin\u00e9e mardi et jeudi<\/div>\n<div>Comp\u00e9tition<\/div>\n<div><\/div>\n<p><b><\/b><span style=\"color: #800080;\"><strong>JEUNESSE ATHLETIQUE DE MONTROUGE (J.A.M.)<\/strong><\/span><\/p>\n<p>Correspondant :\u00a0Didier CAZEJUST<br \/>\nAdresse postale : \u00a05, rue du Moulin Vert 75014 Paris<br \/>\nTel : 06 46 15 42 38<br \/>\nMail :\u00a0\u200bjamomnisports14@gmail.com<br \/>\n<a href=\"http:\/\/jamomnisports.com\/\" target=\"_blank\" rel=\"noopener noreferrer\" data-saferedirecturl=\"https:\/\/www.google.com\/url?q=http:\/\/jamomnisports.com&amp;source=gmail&amp;ust=1551284616883000&amp;usg=AFQjCNEWsAsvhZuPdBxi1FrB6knbHBda4A\">jamomnisports.com<\/a><br \/>\nLieu des cours : Stade Elisabeth<br \/>\nHoraires des cours :<br \/>\nJeudi : de 19h \u00e0 21h<br \/>\nSamedi : de 10h \u00e0 14h<\/p>\n<p><span style=\"color: #800080;\"><strong>TCE<\/strong><\/span><\/p>\n<p>Correspondant :Madame ENEE<br \/>\nAdresse postale :22 rue de l&rsquo;alouette \u00a094160 st Mand\u00e9<br \/>\nT\u00e9l : 06 62 28 91 24<br \/>\ntce14@free.fr<\/p>\n<p><span style=\"color: #ff0000;\"><a href=\"http:\/\/tce14.com\/\" target=\"_blank\" rel=\"noopener noreferrer\" data-saferedirecturl=\"https:\/\/www.google.com\/url?hl=fr&amp;q=http:\/\/tce14.com&amp;source=gmail&amp;ust=1501160014475000&amp;usg=AFQjCNFGTVSq29yUjgDUL0E2yujjV4FF7Q\">tce14.com<\/a><\/span><br \/>\nLieux des cours :Stade Elisabeth 75014 Paris \u00a0et\u00a0jardin atlantique<br \/>\ntous les soirs + WE<\/p>\n<p><span style=\"color: #800080;\"><b>\u00a0<\/b><\/span><\/p>\n<p><span style=\"color: #800080;\"><strong>U.S. BRETONS DE PARIS<\/strong><\/span><\/p>\n<p>Correspondant : ATLANI Charley<br \/>\nAdresse postale : 5, rue Quinault 75014 Paris<br \/>\nT\u00e9l : 01 47 34 77 91 et 06 10 07 99 85<br \/>\nwww.usbretons-tennis.fr<br \/>\nLieux des cours :<br \/>\nStade Elisabeth 75014 Paris<br \/>\nCours couverts et plein air<br \/>\nMardi Vendredi Samedi Dimanche \u00a0Lundi Mercredi<br \/>\nJardin Atlantique<br \/>\nLundi Mercredi Samedi<br \/>\nLoisirs &#8211; Cours collectifs &#8211; Enfants &#8211; Adultes<\/p>\n<p><span style=\"color: #0000ff;\"><strong>TENNIS DE TABLE<\/strong><\/span><\/p>\n<p><strong><span style=\"color: #800080;\">JEUNESSE ATHLETIQUE DE MONTROUGE<\/span> (J.A.M.)<\/strong><\/p>\n<div>Correspondant : \u00a0J\u00e9r\u00f4me FROT<\/div>\n<div><\/div>\n<div>Adresse postale :\u00a05, rue du Moulin Vert 75014 Paris<\/div>\n<div>T\u00e9l : 06 46 15 42 38<br \/>\nMail :\u00a0jamomnisports14@gmail.com<br \/>\n<a href=\"http:\/\/lajamtt.blogspot.com\/\" target=\"_blank\" rel=\"noopener noreferrer\" data-saferedirecturl=\"https:\/\/www.google.com\/url?q=http:\/\/lajamtt.blogspot.com&amp;source=gmail&amp;ust=1551284616883000&amp;usg=AFQjCNEheXr7GEklzE_YdRlCwuAUXbQSzg\">lajamtt.blogspot.com<\/a><\/div>\n<div>Lieu des cours : Gymnase 99 rue d&rsquo;Al\u00e9sia, 75014 Paris<br \/>\nLundi et jeudi : de 17h30 \u00e0 22h<br \/>\nMardi : de 20h \u00e0 22h30<br \/>\nMercredi : de 17h \u00e0 22h30<br \/>\nVendredi : de 18h \u00e0 22h30<br \/>\nLoisirs &#8211; Comp\u00e9tition &#8211; Cours collectifs &#8211; Enfants &#8211; Adultes<\/div>\n<div><\/div>\n<div><\/div>\n<div><\/div>\n<p><span style=\"color: #800080;\"><strong>PING PARIS14<\/strong><\/span><\/p>\n<p>T\u00e9l: 06 79 63 13 35<\/p>\n<p>Mail : pingparis14@gmail.com<br \/>\nSite :\u00a0<a href=\"http:\/\/ping-paris14.fr\/\" target=\"_blank\" rel=\"noopener noreferrer\" data-saferedirecturl=\"https:\/\/www.google.com\/url?hl=fr&amp;q=http:\/\/ping-paris14.fr&amp;source=gmail&amp;ust=1467978445660000&amp;usg=AFQjCNGZNmb1F7ZQ1qdxDDW_rsaaagd6SQ\">http:\/\/ping-paris14.fr<\/a><\/p>\n<div>Lundi : de 18h30 \u00e0 21h (\u00e9cole primaire Maurice Rouvier &#8211; rue Maurice Rouvier)<\/div>\n<div>Jeudi : de 18h \u00e0 22h30 (centre sportif Jules No\u00ebl &#8211; 1 avenue Maurice d&rsquo;Ocagne)<br \/>\nSamedi : 10h \u00e0 12h \u00ab\u00a0Cr\u00e9neau sport adapt\u00e9 et ouvert \u00e0 tous\u00a0\u00bb (centre sportif Jules No\u00ebl)<\/div>\n<p>Pratique en loisirs et comp\u00e9tition<\/p>\n","protected":false},"excerpt":{"rendered":"<p>BADMINTON BAD\u2019 A PANAME Si\u00e8ge social : 22 rue Deparcieux, 75014 Paris Mail de contact :\u00a0contact@bap75.fr\u00a0\u00a0 Site internet : www.bap75.fr Pr\u00e9sident : Jean-S\u00e9bastien Eideliman Badminton pour toute.s dans\u00a0 le 14e arrondissement Gymnase principal : Alice Milliat Gymnases secondaires\u00a0 \u00a0 L\u00e9on<\/p>\n","protected":false},"author":1,"featured_media":0,"parent":7,"menu_order":10,"comment_status":"closed","ping_status":"closed","template":"","meta":{"footnotes":""},"class_list":["post-35","page","type-page","status-publish","hentry"],"_links":{"self":[{"href":"https:\/\/oms14.fr\/index.php?rest_route=\/wp\/v2\/pages\/35","targetHints":{"allow":["GET"]}}],"collection":[{"href":"https:\/\/oms14.fr\/index.php?rest_route=\/wp\/v2\/pages"}],"about":[{"href":"https:\/\/oms14.fr\/index.php?rest_route=\/wp\/v2\/types\/page"}],"author":[{"embeddable":true,"href":"https:\/\/oms14.fr\/index.php?rest_route=\/wp\/v2\/users\/1"}],"replies":[{"embeddable":true,"href":"https:\/\/oms14.fr\/index.php?rest_route=%2Fwp%2Fv2%2Fcomments&post=35"}],"version-history":[{"count":81,"href":"https:\/\/oms14.fr\/index.php?rest_route=\/wp\/v2\/pages\/35\/revisions"}],"predecessor-version":[{"id":8281,"href":"https:\/\/oms14.fr\/index.php?rest_route=\/wp\/v2\/pages\/35\/revisions\/8281"}],"up":[{"embeddable":true,"href":"https:\/\/oms14.fr\/index.php?rest_route=\/wp\/v2\/pages\/7"}],"wp:attachment":[{"href":"https:\/\/oms14.fr\/index.php?rest_route=%2Fwp%2Fv2%2Fmedia&parent=35"}],"curies":[{"name":"wp","href":"https:\/\/api.w.org\/{rel}","templated":true}]}}