
{"id":37,"date":"2017-07-17T14:18:37","date_gmt":"2017-07-17T14:18:37","guid":{"rendered":"http:\/\/eveilleau.net\/oms14\/?page_id=37"},"modified":"2025-07-24T15:00:54","modified_gmt":"2025-07-24T13:00:54","slug":"sports-de-combats","status":"publish","type":"page","link":"https:\/\/oms14.fr\/?page_id=37","title":{"rendered":"Sports de combats"},"content":{"rendered":"\n<p><strong> <\/strong><\/p>\n\n\n<p><span style=\"color: #0000ff;\"><strong>BOXE ANGLAISE<\/strong><\/span><\/p>\n<p><span style=\"color: #800080;\"><strong>RING DU 14<\/strong><\/span><br \/>Correspondant :Mael GAYARD<br \/>Adresse postale :\u00a0\u00a0Maison des Associations du 14e (MDA14), 22 rue Deparcieux.<br \/>T\u00e9l\u00a0: 06 95 07 54 30<br \/>Email :\u00a0<a href=\"mailto:ring14eme@gmail.com\">ring14eme@gmail.com<\/a><br \/>Permanence\u00a0: stade Jules No\u00ebl, du lundi au vendredi de 17h 30 \u00e0 20h 30<br \/>Lieu des cours : salle de boxe du stade Jules No\u00ebl<br \/>Loisirs\u00a0\u2013 Junior \u2013 adultes &#8211; Comp\u00e9tition<\/p>\n<p><span style=\"color: #0000ff;\"><strong>BOXE FRANCAISE<\/strong><\/span><\/p>\n<div>\n<p><span style=\"color: #993366;\"><strong>AMICALE ASSAUTS<\/strong><\/span><\/p>\n<p>Correspondants : Manuel Hernandez<\/p>\n<p>Permanence : Centre sportif Rosa Parks, 2 Rue du Moulin des Lapins, 75014 Paris (tous les Vendredis de 20h15 \u00e0 22h00)<\/p>\n<p>Lieu des cours :<\/p>\n<p>Lundi 19h-20h30 \/ Lundi 21h-22h30 &#8211; Espace Villa Orl\u00e9ans<\/p>\n<p>Mardi : 20h-22h &#8211; Gymnase Guilleminot, 22 rue Guilleminot, 75014 Paris<\/p>\n<p>Vendredi : 20h15-22h &#8211; Centre sportif Rosa Parks, 2 Rue du Moulin des Lapins, 75014 Paris<\/p>\n<div>Dimanche : 9h-11h30 &#8211; Espace Villa Orl\u00e9ans<\/div>\n<div>T\u00e9l : 06 95 10 33 80<\/div>\n<div>Site internet :\u00a0\u00a0<a tabindex=\"9999\" href=\"https:\/\/www.boxefrancaise-paris14.fr\/\" target=\"_blank\" rel=\"noopener\">https:\/\/www.boxefrancaise-paris14.fr\/<\/a><br \/>Page Facebook :\u00a0<a tabindex=\"9999\" href=\"https:\/\/www.facebook.com\/Amicale-Assauts\" target=\"_blank\" rel=\"noopener\">https:\/\/www.facebook.com\/Amicale-Assauts<\/a>\u00a0Adresse Courriel :\u00a0<a>amicaleassautsboxe@gmail.com<\/a><\/div>\n<\/div>\n<div>\u00a0<\/div>\n<div><span style=\"color: #993366;\"><b>\u00a0<\/b><\/span><\/div>\n<p dir=\"ltr\">\u00a0<\/p>\n\n\n<p><strong>BOXE THA\u00cf 15<\/strong><\/p>\n\n\n\n<p>Correspondant : M. Florent MOREAU (fondateur)<\/p>\n\n\n\n<p>Contact : 06 72 58 47 16 \/&nbsp;<a href=\"mailto:teamboxethai15@gmail.com\" target=\"_blank\" rel=\"noreferrer noopener\">teamboxethai15@gmail.com<\/a><\/p>\n\n\n\n<p>Site et R\u00e9seaux :&nbsp;<a href=\"http:\/\/www.boxethai15.com\/\" target=\"_blank\" rel=\"noreferrer noopener\">www.boxethai15.com<\/a>&nbsp;\/ @boxethai15 sur Instagram, Facebook et YouTube<\/p>\n\n\n\n<p>Principe : LE MUAY THA\u00cf POUR TOUS ET PAR TOUS ! Sessions mixtes, m\u00ealant Ados &gt;14 ans et Adultes,<br>tous niveaux de d\u00e9couverte \u00e0 comp\u00e9titeur. Encadr\u00e9es par 2-3 coaches dipl\u00f4m\u00e9s de l\u2019Acad\u00e9mie Fran\u00e7aise de<br>Muay Tha\u00ef. Initiation individuelle et mat\u00e9riel pr\u00eat\u00e9 pour les 2 cours d\u2019essai gratuit.<\/p>\n\n\n\n<p>Cr\u00e9neaux :<br>-Mardi \u00e0 20h-21h30 au Dojo Rigoulot 18 Avenue de la Porte Brancion 75015<br>-Jeudi \u00e0 20h30-22h au Dojo Rigoulot 18 Avenue de la Porte Brancion 75015<br>-Dimanche 10h30-12h au Dojo FKM 58 Rue Maurice Ripoche 75014.<\/p>\n\n\n\n<p>Tarifs : 250 euros \/ an pour acc\u00e8s aux 3 sessions \/ semaine.<\/p>\n","protected":false},"excerpt":{"rendered":"<p>BOXE ANGLAISE RING DU 14Correspondant :Mael GAYARDAdresse postale :\u00a0\u00a0Maison des Associations du 14e (MDA14), 22 rue Deparcieux.T\u00e9l\u00a0: 06 95 07 54 30Email :\u00a0ring14eme@gmail.comPermanence\u00a0: stade Jules No\u00ebl, du lundi au vendredi de 17h 30 \u00e0 20h 30Lieu des cours : salle<\/p>\n","protected":false},"author":1,"featured_media":0,"parent":7,"menu_order":11,"comment_status":"closed","ping_status":"closed","template":"","meta":{"footnotes":""},"class_list":["post-37","page","type-page","status-publish","hentry"],"_links":{"self":[{"href":"https:\/\/oms14.fr\/index.php?rest_route=\/wp\/v2\/pages\/37","targetHints":{"allow":["GET"]}}],"collection":[{"href":"https:\/\/oms14.fr\/index.php?rest_route=\/wp\/v2\/pages"}],"about":[{"href":"https:\/\/oms14.fr\/index.php?rest_route=\/wp\/v2\/types\/page"}],"author":[{"embeddable":true,"href":"https:\/\/oms14.fr\/index.php?rest_route=\/wp\/v2\/users\/1"}],"replies":[{"embeddable":true,"href":"https:\/\/oms14.fr\/index.php?rest_route=%2Fwp%2Fv2%2Fcomments&post=37"}],"version-history":[{"count":22,"href":"https:\/\/oms14.fr\/index.php?rest_route=\/wp\/v2\/pages\/37\/revisions"}],"predecessor-version":[{"id":8283,"href":"https:\/\/oms14.fr\/index.php?rest_route=\/wp\/v2\/pages\/37\/revisions\/8283"}],"up":[{"embeddable":true,"href":"https:\/\/oms14.fr\/index.php?rest_route=\/wp\/v2\/pages\/7"}],"wp:attachment":[{"href":"https:\/\/oms14.fr\/index.php?rest_route=%2Fwp%2Fv2%2Fmedia&parent=37"}],"curies":[{"name":"wp","href":"https:\/\/api.w.org\/{rel}","templated":true}]}}