
{"id":41,"date":"2011-12-21T13:51:33","date_gmt":"2011-12-21T13:51:33","guid":{"rendered":"http:\/\/eveilleau.net\/oms14\/?page_id=41"},"modified":"2025-08-13T07:29:32","modified_gmt":"2025-08-13T05:29:32","slug":"sports-de-ballons","status":"publish","type":"page","link":"https:\/\/oms14.fr\/?page_id=41","title":{"rendered":"Sports de ballons"},"content":{"rendered":"<p><span style=\"color: #0000ff;\"><b>\u00a0<\/b><strong>BASKET-BALL<\/strong><\/span><\/p>\n<p><span style=\"color: #800080;\"><strong>BASKET PARIS 14<\/strong><\/span><\/p>\n<p>Correspondant : Laurent HERAUD<\/p>\n<p><b><u>Informations et inscriptions :\u00a0<\/u><\/b><br \/>\n<b>Site internet :\u00a0<\/b><a href=\"http:\/\/www.basketparis14.com\/\" target=\"_blank\" rel=\"noopener\" data-saferedirecturl=\"https:\/\/www.google.com\/url?q=http:\/\/www.basketparis14.com&amp;source=gmail&amp;ust=1751516426187000&amp;usg=AOvVaw3AA-Uwko6Q2ABd5AWnajvE\">www.basketparis14.com<\/a><br \/>\n<b>Email :\u00a0<\/b><a href=\"mailto:contact@basketparis14.com\" target=\"_blank\" rel=\"noopener\">contact@basketparis14.com<\/a><br \/>\n<b>T\u00e9l\u00e9phone :\u00a0<\/b>07 69 74 16 45<br \/>\n<b>Permanences :<\/b>\u00a052, rue Raymond Losserand. 75014 Paris. Du lundi au vendredi, de 9:30 \u00e0 16:00<\/p>\n<p><b><u>Horaires :\u00a0<\/u><\/b><br \/>\n<b>U5 (\u00c9veil) | 2021 &#8211; 2022<\/b><br \/>\nU5 &#8211; Groupe 1 &#8211;\u00a0Gymnase Mouchotte &#8211;\u00a0Samedi, 9:00-10:15<br \/>\nU5 &#8211; Groupe 2 &#8211;\u00a0Gymnase Mouchotte &#8211;\u00a0Samedi, 10:15-11:15<br \/>\nU5 &#8211; Groupe 3 &#8211;\u00a0Gymnase Mouchotte &#8211;\u00a0Samedi, 11:15-12:30<\/p>\n<p><b>U7 | 2019 &#8211; 2020<\/b><br \/>\nU7 &#8211;\u00a0Gymnase Mouchotte &#8211;\u00a0Samedi, 9:00-10:15<\/p>\n<p><b>U9 | 2017 &#8211; 2018<\/b><br \/>\nU9 Comp\u00e9tition &#8211;\u00a0Gymnase Cange (Lundi) | J.No\u00ebl (Mercredi) &#8211;\u00a0Lundi, 17:30-19:00 | Mercredi, 16:30-18:00<br \/>\nU9 Loisirs &#8211;\u00a0Gymnase Mouchotte &#8211;\u00a0Samedi, 10:15-11:15<\/p>\n<p><b>U11 Comp\u00e9titions | 2015 &#8211; 2016<\/b><br \/>\nU11 Gar\u00e7ons 1 &#8211;\u00a0Cange (Lundi) | J.No\u00ebl (Mercredi) &#8211;\u00a0Lundi, 17:30-19:00 | Mercredi 16:30-18:00<br \/>\nU11 Filles (CTC Paris Rive Gauche) &#8211;\u00a0Rigoulot (Mardi) | Mouchotte (Vendredi) &#8211;\u00a0Mardi, 17:30-18:30 | Vendredi, 18:00-19:30<\/p>\n<p><b>U11 Loisirs | 2015 &#8211; 2016<\/b><br \/>\nU11 Mixtes (Ecole de basket) &#8211;\u00a0Gymnase Mouchotte &#8211;\u00a0Mercredi, 16:00-17:00<br \/>\nU11 Mixtes &#8211; (U9\/U11) &#8211;\u00a0Gymnase Auguste Renoir &#8211;\u00a0Vendredi, 17:00-18:00<br \/>\nU11 Mixtes &#8211;\u00a0Gymnase Mouchotte &#8211;\u00a0Samedi, 11:15-12:30<br \/>\nU11 Filles loisirs &#8211;\u00a0Gymnase Mouchotte &#8211;\u00a0Samedi, 12:30-13:45<\/p>\n<p><b>U13 Comp\u00e9titions | 2013 &#8211; 2014<\/b><br \/>\nU13 Gar\u00e7ons 1 &#8211;\u00a0Gymnase Cange &#8211;\u00a0Mercredi, 18:00-19:30 | Vendredi, 17:30-19:00<br \/>\nU13 Gar\u00e7ons 2 &#8211;\u00a0Gymnase Cange &#8211;\u00a0Mardi, 17:30-19:00 | Jeudi, 17:30-19:00<br \/>\nU13 Filles 1 (CTC Paris Rive Gauche) &#8211;\u00a0Rigoulot (Mardi &amp; Jeudi) | Mouchotte (Mercredi) &#8211;\u00a0Mardi, 18:30-20:00 | Mercredi, 18:15-19:30 | Jeudi, 18:00-19:30<br \/>\nU13 Filles 2 &#8211;\u00a0Gymnase Mouchotte &#8211;\u00a0Mercredi, 18:15-19:30 | Vendredi, 18:00-19:30<\/p>\n<p><b>U13 Loisirs | 2013 &#8211; 2014<\/b><br \/>\nU13\/U15 Loisirs Gar\u00e7ons &#8211; Groupe 1 &#8211;\u00a0Gymnase Mouchotte &#8211;\u00a0Mercredi, 17:00-18:15<br \/>\nU13 Loisirs Gar\u00e7ons &#8211; Groupe 2 &#8211;\u00a0Gymnase Mouchotte &#8211;\u00a0Samedi, 13:45-15:00<br \/>\nU13 Loisirs Filles &#8211;\u00a0Gymnase Mouchotte &#8211;\u00a0Samedi, 12:30-13:45<\/p>\n<p><b>U15 Comp\u00e9titions | 2011 &#8211; 2012<\/b><br \/>\nU15 Gar\u00e7ons 1 &#8211;\u00a0Gymnase Cange &#8211;\u00a0Mercredi, 19:30-21:00 | Vendredi, 19:00-21:00<br \/>\nU15 Gar\u00e7ons 2 &#8211;\u00a0Gymnase Jules No\u00ebl (Mercredi) | Gymnase Mouchotte (Vendredi) &#8211;\u00a0Mercredi, 15:00-16:30 | Vendredi, 18:00-19:30<br \/>\nU15 Filles 1 (CTC Paris Rive gauche) &#8211;\u00a0Gymnase Rigoulot &#8211;\u00a0Mardi, 18:30-20:00 | Jeudi, 18:00-19:30<br \/>\nU15 Filles 2 &#8211;\u00a0Gymnase Mouchotte | Gymnase Rigoulot (Vendredi) &#8211;\u00a0Mercredi, 18:30-20:00 | Vendredi, 18:30-19:45<\/p>\n<p><b>U15 Loisirs | 2011 &#8211; 2012<\/b><br \/>\nU13\/U15 Loisirs Gar\u00e7ons &#8211; Groupe 1 &#8211;\u00a0Gymnase Mouchotte &#8211;\u00a0Mercredi, 17:00-18:15<br \/>\nU15 Loisirs Gar\u00e7ons &#8211; Groupe 2 &#8211;\u00a0Gymnase Mouchotte &#8211;\u00a0Samedi, 15:00-16:30<br \/>\nU13\/15 Loisirs Filles &#8211;\u00a0Gymnase Mouchotte &#8211;\u00a0Samedi, 12:30-13:45<\/p>\n<p><b>U18 Comp\u00e9titions | 2008 &#8211; 2009 &#8211; 2010<\/b><br \/>\nU18 Gar\u00e7ons 1 &#8211;\u00a0Mouchotte (Mardi &amp; Mercredi) | Cange (Jeudi) &#8211;\u00a0Mardi, 18:45-20:00 | Mercredi, 19:30-21:00 | Jeudi, 19:00-20:45<br \/>\nU18 Gar\u00e7ons 2 &#8211;\u00a0Gymnase Mouchotte &#8211;\u00a0Mardi, 18:45-20:00 | Mercredi, 19:30-21:00<br \/>\nU18 Filles 1 (CTC Paris Rive Gauche) &#8211;\u00a0Rigoulot (Lundi) | Mouchotte (Vendredi) &#8211;\u00a0Lundi, 19:45-21:00 | Vendredi, 19:30-21:00<br \/>\nU18 Filles 2 (CTC Paris Rive Gauche) &#8211;\u00a0Rigoulot (Mardi) | Mouchotte (Vendredi) &#8211;\u00a0Mardi, 20:00-21:15 | Vendredi, 19:30-21:00<br \/>\nU18 Gar\u00e7ons 3 &#8211;\u00a0Gymnase Mouchotte &#8211;\u00a0Mardi, 17:30-18:45<\/p>\n<p><b>U18-U21 Loisirs | 2005 \u2013 2006 \u2013 2007 &#8211; 2008 &#8211; 2009 &#8211; 2010<\/b><br \/>\nU17-U20 Loisirs Gar\u00e7ons &#8211;\u00a0Gymnase Mouchotte &#8211;\u00a0Samedi, 16:30-18:00<\/p>\n<p><b>U21 Comp\u00e9titions | 2005 \u2013 2006 \u2013 2007<\/b><br \/>\nU21 Gar\u00e7ons &#8211;\u00a0Gymnase Cange (Lundi) | Didot (Jeudi) &#8211;\u00a0Lundi, 19:00-20:30 | Jeudi, 19:15-20:45<br \/>\nU21 Gar\u00e7ons 2 &#8211;\u00a0Gymnase Cange (Mercredi) | Mouchotte (Vendredi) &#8211;\u00a0Mercredi, 21:00-22:30 | Vendredi 21:00-22:30<\/p>\n<p><b>S\u00e9niors Comp\u00e9titions | 2004 et avant<\/b><br \/>\nS\u00e9niors Gar\u00e7ons 1 &#8211;\u00a0Gymnase Didot (Lundi &amp; Jeudi) | Gymnase Cange (Mardi) &#8211;\u00a0Lundi, 20:30-22:30 | Mardi, 21:00-22:30 | Jeudi, 20:45-22:30<br \/>\nS\u00e9niors Gar\u00e7ons 2 &#8211;\u00a0Gymnase Didot | Gymnase Cange &#8211;\u00a0Mardi, 21:00-22:30 | Vendredi, 21:00-22:30<br \/>\nS\u00e9niors Gar\u00e7ons 3 &#8211;\u00a0Gymnase Didot (Mardi) | F.Villon (Jeudi) &#8211;\u00a0Mardi, 20:00-21:15 | Jeudi, 20:00-22:00<br \/>\nS\u00e9niors Gar\u00e7ons 4 &#8211;\u00a0Gymnase A.Renoir &#8211;\u00a0Mardi, 21:00-00:00<br \/>\nS\u00e9niors Filles 1 (CTC Paris Rive Gauche) &#8211;\u00a0Gymnase Suzane Lenglen | Gymnase Rigoulot (Mardi) | Cange (Jeudi) &#8211;\u00a0Lundi, 20:00-22:00 | Mardi, 21:15-23:00 | Jeudi, 20:45-22:30<br \/>\nS\u00e9niors Filles 2 &#8211;\u00a0Gymnase Suzane Lenglen | RIgoulot (Mardi) | Gymnase Cevennes (Jeudi) &#8211;\u00a0Lundi, 20:00-22:00 | Mardi, 21:15-23:00 | Jeudi, 21:15-22:45<br \/>\nS\u00e9niors Filles 3 &#8211;\u00a0Gymnase Cange (Mardi) | Rigoulot (Vendredi) &#8211;\u00a0Mardi, 19:30-21:00 | Vendredi, 19:15-20:45<\/p>\n<p><b>S\u00e9niors Loisirs | 2004 et avant<\/b><br \/>\nS\u00e9niors Loisirs Filles (Lundi) &#8211;\u00a0Gymnase Auguste Renoir &#8211;\u00a0Lundi, 20:30-22:00<br \/>\nS\u00e9niors Loisirs Mixte (Lundi) &#8211;\u00a0Gymnase Auguste Renoir &#8211;\u00a0Lundi, 22:00-00:00<br \/>\nS\u00e9niors Loisirs Gar\u00e7ons (Mercredi) &#8211;\u00a0Gymnase Mouchotte &#8211;\u00a0Mercredi, 21:00-22:30<br \/>\nS\u00e9niors Loisirs (Dimanche) &#8211;\u00a0Gymnase Mouchotte &#8211;\u00a0Dimanche, 10:00-12:00<\/p>\n<p><span style=\"color: #993366;\"><strong>HUSTLE PARIS BASKET\u00a0 <\/strong><\/span><\/p>\n<p>1 rue Sophie Germain 75014 Paris<\/p>\n<p>14 rue du g\u00e9n\u00e9ral Humbert 75014 Paris ( local associatif)<\/p>\n<p><b>Basket Ball:<\/b><\/p>\n<p>Maxence Dourdent Responsable Club Basket<\/p>\n<p>T\u00e9l: 0651910585<\/p>\n<p><a href=\"mailto:hpbclub.contact@gmail.com\" target=\"_blank\" rel=\"noopener\">hpbclub.contact@gmail.com<\/a><\/p>\n<p>\u00c9cole basketball affili\u00e9e \u00e0 la FFBB et FSCF<br \/>\nLoisirs\/ comp\u00e9titions U11\/ U 13\u00a0et 3\u00d73<br \/>\n3-17 ans, mixte<br \/>\n2 entra\u00eenements par semaine.<br \/>\nStages de perfectionnements pendant les vacances scolaires<\/p>\n<p>Tout public<\/p>\n<p><b>Basket Sant\u00e9 (sport adapt\u00e9):<\/b><\/p>\n<p>Mercredi 12h \u00e0 13h30 contact:\u00a0<a href=\"mailto:hpbclub.contact@gmail.com\" target=\"_blank\" rel=\"noopener\">hpbclub.contact@gmail.com<\/a><\/p>\n<p><b>Autres:<\/b><\/p>\n<p><b>Marche Nordique \/ Gym douce\u00a0<\/b>: Paris Sport S\u00e9nior de mars \u00e0 ao\u00fbt contact:\u00a0<a href=\"mailto:gaelle.hustleplus@gmail.com\" target=\"_blank\" rel=\"noopener\">gaelle.hustleplus@gmail.com<\/a><\/p>\n<p><b>Yoga\/ Self d\u00e9fense \/ Initiation Boxe<\/b>: Paris Sportives de mars \u00e0 septembre contact :\u00a0<a href=\"mailto:hustle.paris.sportives@gmail.com\" target=\"_blank\" rel=\"noopener\">hustle.paris.sportives@gmail.<wbr \/>com<\/a><\/p>\n<p><b>Randonn\u00e9es culturelles (s\u00e9niors)\u00a0<\/b>\u00a0Bi-mensuelle contact:\u00a0<a href=\"mailto:gaelle.hustleplus@gmail.com\" target=\"_blank\" rel=\"noopener\">gaelle.hustleplus@gmail.com<\/a><\/p>\n<p><a href=\"https:\/\/hustle-paris.com\/\" target=\"_blank\" rel=\"noopener\" data-saferedirecturl=\"https:\/\/www.google.com\/url?q=https:\/\/hustle-paris.com\/&amp;source=gmail&amp;ust=1755149226265000&amp;usg=AOvVaw1f5WAmrwiI9qIpDtCxSght\">https:\/\/hustle-paris.com\/<\/a><\/p>\n<p><span style=\"color: #0000ff;\"><strong>FOOTBALL<\/strong><\/span><\/p>\n<p><b><span style=\"color: #800080;\">CA PARIS 14<\/span><\/b><\/p>\n<p>Correspondant : Nicolas Pouilly<br \/>\nAdresse : Stade Didot,\u00a0<a href=\"https:\/\/maps.google.com\/?q=18+avenue+Marc+Sangnier,+75014+Paris&amp;entry=gmail&amp;source=g\">18 avenue Marc Sangnier, 75014 Paris<\/a><br \/>\nT\u00e9l : 07 60 26 89 19 de 9h \u00e0 19h du Lundi au Dimanche.<br \/>\nMail :\u00a0<a target=\"_blank\" rel=\"noopener noreferrer\">secretariat@caparisfootball.fr<\/a><br \/>\nSite :\u00a0<a href=\"http:\/\/www.caparisfootball.fr\/\" target=\"_blank\" rel=\"noopener noreferrer\" data-saferedirecturl=\"https:\/\/www.google.com\/url?hl=fr&amp;q=http:\/\/www.caparisfootball.fr&amp;source=gmail&amp;ust=1524825690697000&amp;usg=AFQjCNGNa42N5UVEz3uPxWws2q4IdVK0cA\">http:\/\/www.caparisfootball.fr<\/a><br \/>\nLieu des entra\u00eenements : Stade Didot, entre Porte de Vanves et Porte de Ch\u00e2tillon<br \/>\nHoraires : Rendez-vous sur le site ou contactez-nous!<br \/>\nLoisirs \u2013 Comp\u00e9tition \u2013 Enfants \u2013 Adultes &#8211; Masculin &#8211; F\u00e9minin<\/p>\n<p><span style=\"color: #800080;\"><strong>PARIS ALESIA FOOTBALL CLUB<\/strong><\/span><\/p>\n<div>Correspondant : Nathalie SEVENO<\/div>\n<div><\/div>\n<div>Adresse : Stade Elisabeth &#8211; 15 avenue Paul Appell<strong><br \/>\n<\/strong><\/div>\n<div>T\u00e9l : 09 64 48 50 54<\/div>\n<div><\/div>\n<div>Mail :\u00a0<a target=\"_blank\" rel=\"noopener noreferrer\">parisalesia-fc@wanadoo.fr<\/a><\/div>\n<div><\/div>\n<div><a href=\"https:\/\/www.parisalesiafc.com\/\"> https:\/\/www.parisalesiafc.com<\/a><\/div>\n<div>\n<div><\/div>\n<div>Horaires : Voir site<\/div>\n<div><\/div>\n<div>Loisir &#8211; Comp\u00e9tition &#8211; Enfants &#8211; Adultes &#8211; f\u00e9minin &#8211; masculin<\/div>\n<div><\/div>\n<div>.<\/div>\n<\/div>\n<p><strong><span style=\"color: #800080;\">JEUNESSE ATHLETIQUE DE MONTROUGE<\/span> ( J.A.M.)<\/strong><\/p>\n<p>Correspondant : Christian FOULADOUX<br \/>\nAdresse postale :\u00a05, rue du Moulin Vert 75014 Paris<br \/>\nTel : 06 46 15 42 38<br \/>\nMail : \u00a0\u200bjamomnisports14@gmail.com<br \/>\n<a href=\"http:\/\/www.facebook.com\/jamfootclub\" target=\"_blank\" rel=\"noopener noreferrer\" data-saferedirecturl=\"https:\/\/www.google.com\/url?q=http:\/\/www.facebook.com\/jamfootclub&amp;source=gmail&amp;ust=1551284616882000&amp;usg=AFQjCNFw0oziUNEQISXa4bHBrF6PT7VyiA\">www.facebook.com\/jamfootclub<\/a><br \/>\nLieu des cours : stade Jules No\u00ebl<br \/>\nHoraires : voir site<br \/>\nLoisirs &#8211; Comp\u00e9tition &#8211; Cours collectifs &#8211; Enfants &#8211; Adultes<\/p>\n<p><span style=\"color: #800080;\"><strong>PARIS XIV FUTSAL CLUB<\/strong><\/span><\/p>\n<div>\n<div>\n<div>\n<div>Correspondant\u00a0<a href=\"https:\/\/maps.google.com\/?q=125,+avenue+du+G%C3%A9n%C3%A9ral+Leclerc,+75014+Paris&amp;entry=gmail&amp;source=g\">125, avenue du G\u00e9n\u00e9ral Leclerc, 75014 Paris<\/a><\/div>\n<p><b>Informations\u00a0<\/b><br \/>\nAssociation affili\u00e9e \u00e0 la F\u00e9d\u00e9ration Fran\u00e7aise de Football (n\u00b0 563 777) \u00e0 pour but le d\u00e9veloppement de la pratique du futsal (foot en salle).<br \/>\nLe club \u00e9volue en R\u00e9gional 3 Futsal (Niveau r\u00e9gional, apr\u00e8s un titre de champion d\u00e9partemental)<br \/>\n3 sections au sein du club<br \/>\n&#8211; section seniors comp\u00e9tition \u00a0&#8211; Mardi et Vendredi 20\/22h30<br \/>\n&#8211; section seniors f\u00e9minine\u2013 Lundi 18h30\/20h<br \/>\n&#8211; Acad\u00e9mie de futsal, pour les jeunes de 5 \u00e0 18 ans (9 s\u00e9ances r\u00e9parties sur la semaine)<br \/>\n<a href=\"https:\/\/www.facebook.com\/ParisXIVFC\" target=\"_blank\" rel=\"noopener noreferrer\" data-saferedirecturl=\"https:\/\/www.google.com\/url?hl=fr&amp;q=https:\/\/www.facebook.com\/ParisXIVFC&amp;source=gmail&amp;ust=1532407790468000&amp;usg=AFQjCNFr0F6tOUFPWDWlJ7KSleBMmRXORA\">https:\/\/www.facebook.com\/<wbr \/>ParisXIVFC<\/a><br \/>\n<a href=\"http:\/\/www.parisxivfutsal.fr\/\" target=\"_blank\" rel=\"noopener noreferrer\" data-saferedirecturl=\"https:\/\/www.google.com\/url?hl=fr&amp;q=http:\/\/www.parisxivfutsal.fr\/&amp;source=gmail&amp;ust=1532407790468000&amp;usg=AFQjCNFHQJ1iz-KHVSQhAZbr6dcpFV6fLA\">http:\/\/www.parisxivfutsal.fr\/<\/a><\/p>\n<p>.<\/p>\n<\/div>\n<\/div>\n<\/div>\n<div>\n<p>.<\/p>\n<\/div>\n<p><span style=\"color: #993366;\"><strong>VOLLEY-BALL<\/strong><\/span><\/p>\n<p><span style=\"color: #800080;\"><strong>ASPRAU<\/strong><\/span><br \/>\nCorrespondant : Pierre PELTIER<br \/>\nAdresse : 121 , rue raymond Losserand 75014 PARIS<br \/>\nPermanence :<br \/>\nLieu des cours : Gymnase Cange\u00a0 le lundi soir<br \/>\nLoisirs &#8211; Adultes<\/p>\n<p><b><span style=\"color: #800080;\">JEUNESSE ATHLETIQUE DE MONTROUGE<\/span> ( J.A.M.)<br \/>\n<\/b> Correspondant : Renan OUTTARA<br \/>\nAdresse postale : \u00a05, rue du Moulin Vert 75014 Paris<br \/>\nT\u00e9l :\u00a007 82 01 28 19 \/ 06 46 15 42 38<br \/>\nMail :\u00a0\u200bjamomnisports14@gmail.com<br \/>\n<a href=\"http:\/\/jamomnisports.com\/\" target=\"_blank\" rel=\"noopener noreferrer\" data-saferedirecturl=\"https:\/\/www.google.com\/url?q=http:\/\/jamomnisports.com&amp;source=gmail&amp;ust=1551284616883000&amp;usg=AFQjCNEWsAsvhZuPdBxi1FrB6knbHBda4A\">jamomnisports.com<\/a><\/p>\n<div><span style=\"color: #000000; font-family: Calibri;\">Lieu\u00a0: Gymnase jules Noel 3 avenue Maurice d\u2019Ocagne 75014 (porte de ch\u00e2tillon)<\/span><\/div>\n<div><span style=\"color: #000000; font-family: Calibri;\">Horaires et jours des entra\u00eenements\u00a0:<\/span><\/div>\n<div><span style=\"color: #000000; font-family: Calibri;\">Mardi de 20H00 \u00e0 22H15<\/span><\/div>\n<div><span style=\"color: #000000; font-family: Calibri;\">Vendredi de 18H00 \u00e0 22H15<\/span><\/div>\n<div><\/div>\n<div>.<\/div>\n<p><span style=\"color: #800080;\"><strong>VB14<\/strong><\/span><\/p>\n<div>Correspondant : LAPORTE Marie Christine<\/div>\n<div>Adresse : 7, avenue Paul Appell 75014 PARIS<br \/>\nPermanence : Lundi 18h 20h, Mardi 18h \u00e0 20h,<br \/>\nMercredi 15h \u00e0 17h, Jeudi 17h30 19h, Vendredi 17h \u00e0 19h<br \/>\nT\u00e9l :\u00a0 \u00a0 07 62 38 12 56<br \/>\nMail :\u00a0<a target=\"_blank\" rel=\"noopener noreferrer\">babaknavi@sfr.fr<\/a><br \/>\nSite :\u00a0<a href=\"http:\/\/www.vb-14.fr\/\" target=\"_blank\" rel=\"noopener noreferrer\" data-saferedirecturl=\"https:\/\/www.google.com\/url?q=http:\/\/www.vb-14.fr\/&amp;source=gmail&amp;ust=1540843270702000&amp;usg=AFQjCNHz28yLgkkrlk0zZlVplHTpocb_gg\">www.vb-14.fr<\/a><br \/>\nLieu des cours : Gymnase Elisabeth<br \/>\nHoraires :<\/div>\n<div><span style=\"color: #0433ff;\">\u00a0<\/span><\/div>\n<div>Lundi :\u00a020h15 \u2013 22h15\u00a0(Loisirs A)<br \/>\n\u200bMardi :\u00a019h30 \u2013 22h\u00a0\u00a0(Comp\u00e9titions F+M)<\/div>\n<div>Mercredi :\u00a020h15 \u2013 22h15 (Handi Volley + Loisirs B)<br \/>\n\u200bJeudi :\u00a018h00 \u2013 20h (Jeunes) \/ 20h \u2013 22h (Comp\u00e9titions)<\/div>\n<div><\/div>\n<div>.<\/div>\n<div><span style=\"color: #0000ff;\"><b>\u00a0<\/b><\/span><\/div>\n<p><strong><span style=\"color: #993366;\">PUC<\/span><\/strong><\/p>\n<p><b>Pr\u00e9sident<\/b>\u00a0: Bernard Comment<br \/>\n<b>T\u00e9l.<\/b>\u00a0: 01 44 16 62 62<br \/>\n<b>Mail<\/b>\u00a0: accueil@puc.paris<br \/>\n<b>Activit\u00e9s<\/b>\u00a0: pr\u00e8s de 40 sections sportives (sports collectifs, sports individuels, sports de raquette, sports de combat et sports de l\u2019esprit)<\/p>\n","protected":false},"excerpt":{"rendered":"<p>\u00a0BASKET-BALL BASKET PARIS 14 Correspondant : Laurent HERAUD Informations et inscriptions :\u00a0 Site internet :\u00a0www.basketparis14.com Email :\u00a0contact@basketparis14.com T\u00e9l\u00e9phone :\u00a007 69 74 16 45 Permanences :\u00a052, rue Raymond Losserand. 75014 Paris. Du lundi au vendredi, de 9:30 \u00e0 16:00 Horaires :\u00a0<\/p>\n","protected":false},"author":1,"featured_media":0,"parent":7,"menu_order":13,"comment_status":"closed","ping_status":"closed","template":"","meta":{"footnotes":""},"class_list":["post-41","page","type-page","status-publish","hentry"],"_links":{"self":[{"href":"https:\/\/oms14.fr\/index.php?rest_route=\/wp\/v2\/pages\/41","targetHints":{"allow":["GET"]}}],"collection":[{"href":"https:\/\/oms14.fr\/index.php?rest_route=\/wp\/v2\/pages"}],"about":[{"href":"https:\/\/oms14.fr\/index.php?rest_route=\/wp\/v2\/types\/page"}],"author":[{"embeddable":true,"href":"https:\/\/oms14.fr\/index.php?rest_route=\/wp\/v2\/users\/1"}],"replies":[{"embeddable":true,"href":"https:\/\/oms14.fr\/index.php?rest_route=%2Fwp%2Fv2%2Fcomments&post=41"}],"version-history":[{"count":78,"href":"https:\/\/oms14.fr\/index.php?rest_route=\/wp\/v2\/pages\/41\/revisions"}],"predecessor-version":[{"id":8289,"href":"https:\/\/oms14.fr\/index.php?rest_route=\/wp\/v2\/pages\/41\/revisions\/8289"}],"up":[{"embeddable":true,"href":"https:\/\/oms14.fr\/index.php?rest_route=\/wp\/v2\/pages\/7"}],"wp:attachment":[{"href":"https:\/\/oms14.fr\/index.php?rest_route=%2Fwp%2Fv2%2Fmedia&parent=41"}],"curies":[{"name":"wp","href":"https:\/\/api.w.org\/{rel}","templated":true}]}}