
{"id":45,"date":"2011-12-21T15:35:29","date_gmt":"2011-12-21T15:35:29","guid":{"rendered":"http:\/\/eveilleau.net\/oms14\/?page_id=45"},"modified":"2019-07-15T17:28:32","modified_gmt":"2019-07-15T17:28:32","slug":"presentation-du-blog-de-loms-14","status":"publish","type":"page","link":"https:\/\/oms14.fr\/?page_id=45","title":{"rendered":"Qui sommes nous"},"content":{"rendered":"<p><b>MOT D\u2019 ACCUEIL DE L\u2019 OMS 14<\/b><\/p>\n<p>F\u00e9d\u00e9rant la grande majorit\u00e9 des associations sportives de l\u2019arrondissement, l\u2019Office du Mouvement Sportif (OMS14), h\u00e9berg\u00e9 par la Mairie du 14\u00e8me, avec laquelle il entretient un dialogue permanent, a pour vocation, en liaison avec elle, d\u2019y susciter, encourager et soutenir toutes les initiatives visant \u00e0 d\u00e9velopper l\u2019\u00e9ducation physique et sportive et la pratique du sport.Il n&rsquo;est en revanche nullement en charge des cr\u00e9neaux.<br \/>\nIl \u00e9tablit un lien \u00e9troit entre les nombreuses associations sportives ayant localement leur si\u00e8ge ou leur activit\u00e9 principale, dont il est l\u00e0 pour soutenir le r\u00f4le et faciliter le bon fonctionnement.<br \/>\nCe blog a pour ambition de faire vivre les nombreuses manifestations organis\u00e9es par l\u2019OMS 14, avec l\u2019implication active de nombreux b\u00e9n\u00e9voles et la participation de nombreuses associations, auxquelles nous esp\u00e9rons que vous serez r\u00e9guli\u00e8rement nombreux \u00e0 participer.<br \/>\nIl est aussi surtout l\u00e0 pour vous faire connaitre les activit\u00e9s sportives pratiqu\u00e9es par chacun de nos clubs et vous informer sur les moyens de les contacter.<br \/>\nIls offrent au total aux habitants du 14\u00e8me, comme \u00e0 ceux qui y travaillent, un palette tr\u00e8s large de disciplines les plus diverses qui devrait leur permettre assez ais\u00e9ment de trouver l\u2019activit\u00e9 qui leur convient et qui font, sur ce plan, de notre arrondissement l\u2019un des plus sportifs de notre capitale.<br \/>\nNous rassemblons aussi chaque ann\u00e9e, sur le place Jacques Demy, dans le cadre du forum de rentr\u00e9e, qui a lieu en g\u00e9n\u00e9ral le premier samedi de septembre, la plupart de ces associations pour vous permettre plus directement de faire connaissance avec elles et d\u2019assister \u00e0 leurs nombreuses d\u00e9monstrations.<br \/>\nVous pouvez \u00e9galement, si vous le souhaitez, nous contacter directement en nos bureaux de la mairie annexe 26 rue Mouton Duvernet (tel 01 43 95 09 01), o\u00f9 nous assurons chaque lundi une permanence de 18h \u00e0 19h30.<br \/>\nEn esp\u00e9rant vous voir nombreux dans nos stades et gymnases<br \/>\nExcellente ann\u00e9e sportive<br \/>\nFran\u00e7ois DENIS<br \/>\nPr\u00e9sident de l\u2019OMS 14<\/p>\n","protected":false},"excerpt":{"rendered":"<p>MOT D\u2019 ACCUEIL DE L\u2019 OMS 14 F\u00e9d\u00e9rant la grande majorit\u00e9 des associations sportives de l\u2019arrondissement, l\u2019Office du Mouvement Sportif (OMS14), h\u00e9berg\u00e9 par la Mairie du 14\u00e8me, avec laquelle il entretient un dialogue permanent, a pour vocation, en liaison avec<\/p>\n","protected":false},"author":1,"featured_media":0,"parent":0,"menu_order":-1,"comment_status":"closed","ping_status":"closed","template":"","meta":{"footnotes":""},"class_list":["post-45","page","type-page","status-publish","hentry"],"_links":{"self":[{"href":"https:\/\/oms14.fr\/index.php?rest_route=\/wp\/v2\/pages\/45","targetHints":{"allow":["GET"]}}],"collection":[{"href":"https:\/\/oms14.fr\/index.php?rest_route=\/wp\/v2\/pages"}],"about":[{"href":"https:\/\/oms14.fr\/index.php?rest_route=\/wp\/v2\/types\/page"}],"author":[{"embeddable":true,"href":"https:\/\/oms14.fr\/index.php?rest_route=\/wp\/v2\/users\/1"}],"replies":[{"embeddable":true,"href":"https:\/\/oms14.fr\/index.php?rest_route=%2Fwp%2Fv2%2Fcomments&post=45"}],"version-history":[{"count":10,"href":"https:\/\/oms14.fr\/index.php?rest_route=\/wp\/v2\/pages\/45\/revisions"}],"predecessor-version":[{"id":4952,"href":"https:\/\/oms14.fr\/index.php?rest_route=\/wp\/v2\/pages\/45\/revisions\/4952"}],"wp:attachment":[{"href":"https:\/\/oms14.fr\/index.php?rest_route=%2Fwp%2Fv2%2Fmedia&parent=45"}],"curies":[{"name":"wp","href":"https:\/\/api.w.org\/{rel}","templated":true}]}}