
{"id":7,"date":"2011-12-21T13:07:57","date_gmt":"2011-12-21T13:07:57","guid":{"rendered":"http:\/\/eveilleau.net\/oms14\/?page_id=5"},"modified":"2019-07-15T17:28:03","modified_gmt":"2019-07-15T17:28:03","slug":"les-disciplines-et-les-clubs","status":"publish","type":"page","link":"https:\/\/oms14.fr\/?page_id=7","title":{"rendered":"Les sports"},"content":{"rendered":"<ul>\n<li><span style=\"color: #3366ff;\"><a title=\"Athl\u00e9tisme\" href=\"https:\/\/oms14.fr\/blog\/?page_id=8\"><span style=\"color: #3366ff;\">Athl\u00e9tisme<\/span><\/a><\/span><\/li>\n<li><span style=\"color: #3366ff;\"><a title=\"Arts martiaux\" href=\"https:\/\/oms14.fr\/blog\/?page_id=10\"><span style=\"color: #3366ff;\">Arts martiaux<\/span><\/a><\/span><\/li>\n<li><a title=\"Associations sportives scolaires\" href=\"https:\/\/oms14.fr\/?page_id=1617\"><span style=\"color: #3366ff;\">Associations sportives scolaires<\/span><\/a><\/li>\n<li><span style=\"color: #3366ff;\"><a title=\"Bien \u00eatre int\u00e9rieur\" href=\"https:\/\/oms14.fr\/blog\/?page_id=14\"><span style=\"color: #3366ff;\">Bien \u00eatre int\u00e9rieur<\/span><\/a><\/span><\/li>\n<li><span style=\"color: #3366ff;\"><a title=\"Boules, p\u00e9tanque\" href=\"https:\/\/oms14.fr\/blog\/?page_id=19\"><span style=\"color: #3366ff;\">Boules, p\u00e9tanque<\/span><\/a><\/span><\/li>\n<li><a title=\"Cirque\" href=\"https:\/\/oms14.fr\/?page_id=537\"><span style=\"color: #3366ff;\">Cirque<\/span><\/a><\/li>\n<li><span style=\"color: #3366ff;\"><a title=\"Danse, fitness\" href=\"https:\/\/oms14.fr\/?page_id=22\"><span style=\"color: #3366ff;\">Danse et fitness<\/span><\/a><\/span><\/li>\n<li><span style=\"color: #3366ff;\"><a title=\"Gymnastique\" href=\"https:\/\/oms14.fr\/?page_id=1589\"><span style=\"color: #3366ff;\">Gymnastique<\/span><\/a><\/span><\/li>\n<li><span style=\"color: #3366ff;\"><a title=\"En piscine et sur la mer\" href=\"https:\/\/oms14.fr\/blog\/?page_id=26\"><span style=\"color: #3366ff;\">En piscine et sur la mer<\/span><\/a><\/span><\/li>\n<li><span style=\"color: #3366ff;\"><a title=\"En roues libres\" href=\"https:\/\/oms14.fr\/blog\/?page_id=28\"><span style=\"color: #3366ff;\">En roues libres<\/span><\/a><\/span><\/li>\n<li><span style=\"color: #3366ff;\"><a title=\"Ep\u00e9es et tir\" href=\"https:\/\/oms14.fr\/blog\/?page_id=31\"><span style=\"color: #3366ff;\">\u00c9p\u00e9es\u00a0et tir<\/span><\/a><\/span><\/li>\n<li><span style=\"color: #3366ff;\"><a title=\"Escalade, randonn\u00e9e\" href=\"https:\/\/oms14.fr\/blog\/?page_id=33\"><span style=\"color: #3366ff;\">Escalade, randonn\u00e9e<\/span><\/a><\/span><\/li>\n<li><span style=\"color: #3366ff;\"><a title=\"Raquettes\" href=\"https:\/\/oms14.fr\/blog\/?page_id=35\"><span style=\"color: #3366ff;\">Raquettes<\/span><\/a><\/span><\/li>\n<li><span style=\"color: #3366ff;\"><a title=\"Sports de combats\" href=\"https:\/\/oms14.fr\/blog\/?page_id=37\"><span style=\"color: #3366ff;\">Sports de combats<\/span><\/a><\/span><\/li>\n<li><span style=\"color: #3366ff;\"><a title=\"Sports c\u00e9r\u00e9braux\" href=\"https:\/\/oms14.fr\/blog\/?page_id=39\"><span style=\"color: #3366ff;\">Sports c\u00e9r\u00e9braux<\/span><\/a><\/span><\/li>\n<li><span style=\"color: #3366ff;\"><a title=\"Sports de ballons\" href=\"https:\/\/oms14.fr\/blog\/?page_id=41\"><span style=\"color: #3366ff;\">Sports de ballons<\/span><\/a><\/span><\/li>\n<\/ul>\n","protected":false},"excerpt":{"rendered":"<p>Athl\u00e9tisme Arts martiaux Associations sportives scolaires Bien \u00eatre int\u00e9rieur Boules, p\u00e9tanque Cirque Danse et fitness Gymnastique En piscine et sur la mer En roues libres \u00c9p\u00e9es\u00a0et tir Escalade, randonn\u00e9e Raquettes Sports de combats Sports c\u00e9r\u00e9braux Sports de ballons<\/p>\n","protected":false},"author":1,"featured_media":0,"parent":0,"menu_order":2,"comment_status":"closed","ping_status":"closed","template":"","meta":{"footnotes":""},"class_list":["post-7","page","type-page","status-publish","hentry"],"_links":{"self":[{"href":"https:\/\/oms14.fr\/index.php?rest_route=\/wp\/v2\/pages\/7","targetHints":{"allow":["GET"]}}],"collection":[{"href":"https:\/\/oms14.fr\/index.php?rest_route=\/wp\/v2\/pages"}],"about":[{"href":"https:\/\/oms14.fr\/index.php?rest_route=\/wp\/v2\/types\/page"}],"author":[{"embeddable":true,"href":"https:\/\/oms14.fr\/index.php?rest_route=\/wp\/v2\/users\/1"}],"replies":[{"embeddable":true,"href":"https:\/\/oms14.fr\/index.php?rest_route=%2Fwp%2Fv2%2Fcomments&post=7"}],"version-history":[{"count":18,"href":"https:\/\/oms14.fr\/index.php?rest_route=\/wp\/v2\/pages\/7\/revisions"}],"predecessor-version":[{"id":4951,"href":"https:\/\/oms14.fr\/index.php?rest_route=\/wp\/v2\/pages\/7\/revisions\/4951"}],"wp:attachment":[{"href":"https:\/\/oms14.fr\/index.php?rest_route=%2Fwp%2Fv2%2Fmedia&parent=7"}],"curies":[{"name":"wp","href":"https:\/\/api.w.org\/{rel}","templated":true}]}}