
{"id":73,"date":"2012-12-15T20:59:31","date_gmt":"2012-12-15T20:59:31","guid":{"rendered":"http:\/\/oms14.fr\/blog\/?page_id=73"},"modified":"2019-07-03T12:15:12","modified_gmt":"2019-07-03T12:15:12","slug":"les-stades","status":"publish","type":"page","link":"https:\/\/oms14.fr\/?page_id=73","title":{"rendered":"Les stades"},"content":{"rendered":"<p><strong>G\u00e9o-localisez les \u00e9quipements sportifs du 14e sur notre nouvelle carte Google :<\/strong><\/p>\n<p><center><br \/>\n<iframe loading=\"lazy\" src=\"https:\/\/maps.google.com\/maps\/ms?t=m&amp;msa=0&amp;msid=208961825239093944986.0004c531668a49f729114&amp;source=embed&amp;ie=UTF8&amp;ll=48.8306,2.334251&amp;spn=0.034748,0.054932&amp;output=embed\" height=\"350\" width=\"425\" frameborder=\"0\" marginwidth=\"0\" marginheight=\"0\" scrolling=\"no\"><\/iframe><br \/>\n<small>Afficher <a style=\"color: #0000ff; text-align: left;\" href=\"https:\/\/maps.google.com\/maps\/ms?t=m&amp;msa=0&amp;msid=208961825239093944986.0004c531668a49f729114&amp;source=embed&amp;ie=UTF8&amp;ll=48.8306,2.334251&amp;spn=0.034748,0.054932\">EQUIPEMENTS SPORTIFS PARIS XIV<\/a> sur une carte plus grande<\/small><\/center><strong>La liste des stades :<\/strong><\/p>\n<p><strong>Charl\u00e9ty<\/strong><br \/>\n199 bld Kellermann (13e)<br \/>\nT3 Charl\u00e9ty<br \/>\n01 44 16 60 60<\/p>\n<p><strong>Cit\u00e9 internationale universitaire<\/strong><br \/>\n27 bld Jourdan<br \/>\nT3 &#8211; ligne de Sceaux : Cit\u00e9 Universitaire<\/p>\n<p><strong>Didot &#8211; Centre sportif J. Guilleminot<\/strong><br \/>\n18 av Marc Sangnier<br \/>\nM\u00b0 Porte de Vanves et T3 Didot<br \/>\n01 45 39 89 35<\/p>\n<p><strong>\u00c9lizabeth<\/strong><br \/>\n7-15 av Paul Appell<br \/>\nM\u00b0 et T3 Porte d&rsquo;Orl\u00e9ans<br \/>\n01 45 40 78 39<\/p>\n<p><strong>Jules No\u00ebl<\/strong><br \/>\n3 av Maurice d&rsquo;Ocagne<br \/>\nT3 Didot M\u00b0 Porte de Vanves<br \/>\n01 45 39 54 37<\/p>\n","protected":false},"excerpt":{"rendered":"<p>G\u00e9o-localisez les \u00e9quipements sportifs du 14e sur notre nouvelle carte Google : Afficher EQUIPEMENTS SPORTIFS PARIS XIV sur une carte plus grandeLa liste des stades : Charl\u00e9ty 199 bld Kellermann (13e) T3 Charl\u00e9ty 01 44 16 60 60 Cit\u00e9 internationale<\/p>\n","protected":false},"author":1,"featured_media":0,"parent":66,"menu_order":0,"comment_status":"closed","ping_status":"closed","template":"","meta":{"footnotes":""},"class_list":["post-73","page","type-page","status-publish","hentry"],"_links":{"self":[{"href":"https:\/\/oms14.fr\/index.php?rest_route=\/wp\/v2\/pages\/73","targetHints":{"allow":["GET"]}}],"collection":[{"href":"https:\/\/oms14.fr\/index.php?rest_route=\/wp\/v2\/pages"}],"about":[{"href":"https:\/\/oms14.fr\/index.php?rest_route=\/wp\/v2\/types\/page"}],"author":[{"embeddable":true,"href":"https:\/\/oms14.fr\/index.php?rest_route=\/wp\/v2\/users\/1"}],"replies":[{"embeddable":true,"href":"https:\/\/oms14.fr\/index.php?rest_route=%2Fwp%2Fv2%2Fcomments&post=73"}],"version-history":[{"count":13,"href":"https:\/\/oms14.fr\/index.php?rest_route=\/wp\/v2\/pages\/73\/revisions"}],"predecessor-version":[{"id":4905,"href":"https:\/\/oms14.fr\/index.php?rest_route=\/wp\/v2\/pages\/73\/revisions\/4905"}],"up":[{"embeddable":true,"href":"https:\/\/oms14.fr\/index.php?rest_route=\/wp\/v2\/pages\/66"}],"wp:attachment":[{"href":"https:\/\/oms14.fr\/index.php?rest_route=%2Fwp%2Fv2%2Fmedia&parent=73"}],"curies":[{"name":"wp","href":"https:\/\/api.w.org\/{rel}","templated":true}]}}