
{"id":78,"date":"2012-12-15T21:03:12","date_gmt":"2012-12-15T21:03:12","guid":{"rendered":"http:\/\/oms14.fr\/blog\/?page_id=78"},"modified":"2019-07-03T12:15:46","modified_gmt":"2019-07-03T12:15:46","slug":"les-autres-equipements","status":"publish","type":"page","link":"https:\/\/oms14.fr\/?page_id=78","title":{"rendered":"Les autres \u00e9quipements"},"content":{"rendered":"<p><strong>G\u00e9o-localisez les \u00e9quipements sportifs du 14e sur notre nouvelle carte Google :<\/strong><\/p>\n<p><center><br \/>\n<iframe loading=\"lazy\" src=\"https:\/\/maps.google.com\/maps\/ms?t=m&amp;msa=0&amp;msid=208961825239093944986.0004c531668a49f729114&amp;source=embed&amp;ie=UTF8&amp;ll=48.8306,2.334251&amp;spn=0.034748,0.054932&amp;output=embed\" height=\"350\" width=\"425\" frameborder=\"0\" marginwidth=\"0\" marginheight=\"0\" scrolling=\"no\"><\/iframe><br \/>\n<small>Afficher <a style=\"color: #0000ff; text-align: left;\" href=\"https:\/\/maps.google.com\/maps\/ms?t=m&amp;msa=0&amp;msid=208961825239093944986.0004c531668a49f729114&amp;source=embed&amp;ie=UTF8&amp;ll=48.8306,2.334251&amp;spn=0.034748,0.054932\">EQUIPEMENTS SPORTIFS PARIS XIV<\/a> sur une carte plus grande<\/small><\/center><strong>La liste des \u00e9quipements :<\/strong><\/p>\n<p><strong>Salle de gymnastique Lyc\u00e9e Fran\u00e7ois Villon<\/strong><br \/>\n16 av Marc Sangnier<br \/>\nM\u00b0 et T3 Porte de Vanves<br \/>\n01 45 39 89 35<\/p>\n<p><strong>Skate parc Jules No\u00ebl<\/strong><br \/>\n3 av Maurice d&rsquo;Ocagne<br \/>\nM\u00b0 et T3 Porte de Vanves<br \/>\n01 45 39 54 37<\/p>\n<p><strong>Tennis Commandant Mouchotte<\/strong><br \/>\n31 rue du Commandant Mouchotte<br \/>\nM\u00b0 : Montparnasse Bienven\u00fce<br \/>\n01 43 27 25 79<\/p>\n<p><strong>Tennis Elisabeth<\/strong><br \/>\n7-15 av Paul Appell<br \/>\nM\u00b0 et T3 Porte d&rsquo;Orl\u00e9ans<br \/>\n01 45 40 55 88<\/p>\n<p>&nbsp;<\/p>\n<p><strong>Institut du Judo<\/strong><br \/>\n21 av de la Porte de Ch\u00e2tillon<br \/>\nM\u00b0 et T3 Porte d&rsquo;Orl\u00e9ans<br \/>\n01 45 43 58 99<\/p>\n<p><strong>V\u00e9lodrome Jacques Anquetil<\/strong><br \/>\nPorte de Charenton &#8211; Vincennes<\/p>\n","protected":false},"excerpt":{"rendered":"<p>G\u00e9o-localisez les \u00e9quipements sportifs du 14e sur notre nouvelle carte Google : Afficher EQUIPEMENTS SPORTIFS PARIS XIV sur une carte plus grandeLa liste des \u00e9quipements : Salle de gymnastique Lyc\u00e9e Fran\u00e7ois Villon 16 av Marc Sangnier M\u00b0 et T3 Porte<\/p>\n","protected":false},"author":1,"featured_media":0,"parent":66,"menu_order":3,"comment_status":"closed","ping_status":"closed","template":"","meta":{"footnotes":""},"class_list":["post-78","page","type-page","status-publish","hentry"],"_links":{"self":[{"href":"https:\/\/oms14.fr\/index.php?rest_route=\/wp\/v2\/pages\/78","targetHints":{"allow":["GET"]}}],"collection":[{"href":"https:\/\/oms14.fr\/index.php?rest_route=\/wp\/v2\/pages"}],"about":[{"href":"https:\/\/oms14.fr\/index.php?rest_route=\/wp\/v2\/types\/page"}],"author":[{"embeddable":true,"href":"https:\/\/oms14.fr\/index.php?rest_route=\/wp\/v2\/users\/1"}],"replies":[{"embeddable":true,"href":"https:\/\/oms14.fr\/index.php?rest_route=%2Fwp%2Fv2%2Fcomments&post=78"}],"version-history":[{"count":9,"href":"https:\/\/oms14.fr\/index.php?rest_route=\/wp\/v2\/pages\/78\/revisions"}],"predecessor-version":[{"id":4904,"href":"https:\/\/oms14.fr\/index.php?rest_route=\/wp\/v2\/pages\/78\/revisions\/4904"}],"up":[{"embeddable":true,"href":"https:\/\/oms14.fr\/index.php?rest_route=\/wp\/v2\/pages\/66"}],"wp:attachment":[{"href":"https:\/\/oms14.fr\/index.php?rest_route=%2Fwp%2Fv2%2Fmedia&parent=78"}],"curies":[{"name":"wp","href":"https:\/\/api.w.org\/{rel}","templated":true}]}}